{"id":4254,"date":"2022-10-18T12:18:53","date_gmt":"2022-10-18T10:18:53","guid":{"rendered":"https:\/\/jednostki.uksw.edu.pl\/abm\/?page_id=4254"},"modified":"2023-01-17T13:26:49","modified_gmt":"2023-01-17T12:26:49","slug":"formularze-umowy","status":"publish","type":"page","link":"https:\/\/abm.uksw.edu.pl\/formularze\/formularze-umowy\/","title":{"rendered":"Formularze &#8211; umowy"},"content":{"rendered":"\n<p>W zwi\u0105zku ze zmian\u0105 ustawy z 13 pa\u017adziernika 1998 r. o systemie ubezpiecze\u0144 spo\u0142ecznych, od 1 stycznia 2016 r. zmianie uleg\u0142y zasady rozstrzygania zbieg\u00f3w tytu\u0142\u00f3w ubezpiecze\u0144 emerytalnych i rentowych. W zwi\u0105zku z tym&nbsp;<strong>od 1 stycznia 2016 r.<\/strong>&nbsp;UKSW ma obowi\u0105zek ustalania \u0142\u0105cznej podstawy wymiaru sk\u0142adek emerytalnych i rentowych&nbsp;<strong>dla ka\u017cdego miesi\u0105ca i ka\u017cdego zleceniobiorcy odr\u0119bnie<\/strong>.<\/p>\n\n\n\n<p>Dostosowuj\u0105c dzia\u0142ania do powy\u017cszych zmian, na UKSW wprowadzone zosta\u0142y&nbsp;<strong>nowe wzory o\u015bwiadcze\u0144<\/strong>&nbsp;do cel\u00f3w podatkowych oraz do cel\u00f3w rozlicze\u0144 z ZUS.<\/p>\n\n\n\n<p>Zawieraj\u0105c obecnie umow\u0119 o dzie\u0142o i zlecenie, nale\u017cy do niej do\u0142\u0105czy\u0107 za\u0142\u0105czniki dostosowane do nowych przepis\u00f3w:<\/p>\n\n\n\r\n<div class=\"\">\r\n\r\n\r\n<div class=\"row\">\r\n\r\n  \r\n<div class=\"col-xl-12 col-lg-12 col-md-12 col-sm-12 \">\r\n\t\t<div class=\"download_detils\">\r\n\t\t\t<a href=\"https:\/\/abm.uksw.edu.pl\/wp-content\/uploads\/sites\/56\/2023\/01\/Oswiadczenie-do-celow-skladkowych-i-podatkowych-1-3.docx\"  title=\"O\u015bwiadczenie do cel\u00f3w podatkowych i sk\u0142adkowych - wype\u0142niane przy wszystkich umowach (dzie\u0142o\/zlecenie)\" download >\r\n\t\t\t<img decoding=\"async\" src=\"https:\/\/abm.uksw.edu.pl\/wp-content\/themes\/uksw\/images\/import.svg\" alt=\"\"> O\u015bwiadczenie do cel\u00f3w podatkowych i sk\u0142adkowych &#8211; wype\u0142niane przy wszystkich\numowach (dzie\u0142o\/zlecenie) [DOCX,  0.04 MB]<\/a>\r\n\t\t<\/div>\r\n<\/div>\r\n\r\n\r\n\t\t\r\n<div class=\"col-xl-12 col-lg-12 col-md-12 col-sm-12 \">\r\n\t\t<div class=\"download_detils\">\r\n\t\t\t<a href=\"https:\/\/abm.uksw.edu.pl\/wp-content\/uploads\/sites\/56\/2022\/10\/owiadczenie_na_cele_rozlicze_z_ZUS-1_2019-1.doc\"  title=\"O\u015bwiadczenie zleceniobiorcy do cel\u00f3w rozlicze\u0144 z ZUS - wype\u0142niane przy umowach zlecenie\" download >\r\n\t\t\t<img decoding=\"async\" src=\"https:\/\/abm.uksw.edu.pl\/wp-content\/themes\/uksw\/images\/import.svg\" alt=\"\"> O\u015bwiadczenie zleceniobiorcy do cel\u00f3w rozlicze\u0144 z ZUS &#8211; wype\u0142niane przy\numowach zlecenie [DOC,  0.11 MB]<\/a>\r\n\t\t<\/div>\r\n<\/div>\r\n\r\n\r\n\t\t\r\n<div class=\"col-xl-12 col-lg-12 col-md-12 col-sm-12 \">\r\n\t\t<div class=\"download_detils\">\r\n\t\t\t<a href=\"https:\/\/abm.uksw.edu.pl\/wp-content\/uploads\/sites\/56\/2022\/10\/Zaswiad._o_przychodach_poza_UKSW_-1-1.docx\"  title=\"Za\u015bwiadczenie o przychodach osi\u0105ganych w innych podmiotach ni\u017c UKSW - wype\u0142niane przez zleceniobiorc\u00f3w, zatrudnionych poza UKSW lub pracownik\u00f3w UKSW przebywaj\u0105cych na urlopach i pracuj\u0105cych poza UKSW\" download >\r\n\t\t\t<img decoding=\"async\" src=\"https:\/\/abm.uksw.edu.pl\/wp-content\/themes\/uksw\/images\/import.svg\" alt=\"\"> Za\u015bwiadczenie o przychodach osi\u0105ganych w innych podmiotach ni\u017c UKSW &#8211;\nwype\u0142niane przez zleceniobiorc\u00f3w, zatrudnionych poza UKSW lub pracownik\u00f3w\nUKSW przebywaj\u0105cych na urlopach i pracuj\u0105cych poza UKSW [DOCX,  0.02 MB]<\/a>\r\n\t\t<\/div>\r\n<\/div>\r\n\r\n\r\n\t\t\r\n\t\t \r\n\r\n<\/div>\r\n<\/div>\r\n<div class=\"space20\"><\/div>\r\n\r\n\n\n\n<p>W razie pyta\u0144, prosimy o&nbsp;<a href=\"https:\/\/jednostki.uksw.edu.pl\/abm\/\/kontakt\/\" data-type=\"page\" data-id=\"3365\">kontakt z pracownikami BBN<\/a>.<\/p>\n\n\n\r\n<div class=\"\">\r\n\r\n\r\n<div class=\"row\">\r\n\r\n  \r\n<div class=\"col-xl-12 col-lg-12 col-md-12 col-sm-12 \">\r\n\t\t<div class=\"download_detils\">\r\n\t\t\t<a href=\"https:\/\/abm.uksw.edu.pl\/wp-content\/uploads\/sites\/56\/2022\/10\/zal_1_do_z_6_08.pdf\"  title=\"Instrukcja w sprawie zawierania um\u00f3w zlecenia, um\u00f3w o dzie\u0142o oraz um\u00f3w o dzie\u0142o i przeniesienie praw autorskich w \u015bwietle przepis\u00f3w o ubezpieczeniach spo\u0142ecznych i przepis\u00f3w podatkowych\" download >\r\n\t\t\t<img decoding=\"async\" src=\"https:\/\/abm.uksw.edu.pl\/wp-content\/themes\/uksw\/images\/import.svg\" alt=\"\"> Instrukcja w sprawie zawierania um\u00f3w zlecenia, um\u00f3w o dzie\u0142o oraz um\u00f3w o\ndzie\u0142o i przeniesienie praw autorskich w \u015bwietle przepis\u00f3w o ubezpieczeniach\nspo\u0142ecznych i przepis\u00f3w podatkowych [PDF,  0.07 MB]<\/a>\r\n\t\t<\/div>\r\n<\/div>\r\n\r\n\r\n\t\t\r\n<div class=\"col-xl-12 col-lg-12 col-md-12 col-sm-12 \">\r\n\t\t<div class=\"download_detils\">\r\n\t\t\t<a href=\"https:\/\/abm.uksw.edu.pl\/wp-content\/uploads\/sites\/56\/2022\/10\/zal_2_do_z_6_08.pdf\"  title=\"Umowa o dzie\u0142o i przeniesienie praw autorskich\" download >\r\n\t\t\t<img decoding=\"async\" src=\"https:\/\/abm.uksw.edu.pl\/wp-content\/themes\/uksw\/images\/import.svg\" alt=\"\"> Umowa o dzie\u0142o i przeniesienie praw autorskich [PDF,  0.04 MB]<\/a>\r\n\t\t<\/div>\r\n<\/div>\r\n\r\n\r\n\t\t\r\n<div class=\"col-xl-12 col-lg-12 col-md-12 col-sm-12 \">\r\n\t\t<div class=\"download_detils\">\r\n\t\t\t<a href=\"https:\/\/abm.uksw.edu.pl\/wp-content\/uploads\/sites\/56\/2022\/10\/zal_3_do_z_6_08.pdf\"  title=\"Rachunek za wykonane prace zgodnie z umowa o dzie\u0142o i przeniesienie praw autorskich\" download >\r\n\t\t\t<img decoding=\"async\" src=\"https:\/\/abm.uksw.edu.pl\/wp-content\/themes\/uksw\/images\/import.svg\" alt=\"\"> Rachunek za wykonane prace zgodnie z umowa o dzie\u0142o i przeniesienie praw\nautorskich [PDF,  0.03 MB]<\/a>\r\n\t\t<\/div>\r\n<\/div>\r\n\r\n\r\n\t\t\r\n<div class=\"col-xl-12 col-lg-12 col-md-12 col-sm-12 \">\r\n\t\t<div class=\"download_detils\">\r\n\t\t\t<a href=\"https:\/\/abm.uksw.edu.pl\/wp-content\/uploads\/sites\/56\/2022\/10\/zal_4_do_z_6_08.pdf\"  title=\"Rachunek za wykonane prace zgodnie z umowa o dzie\u0142o i przeniesienie praw autorskich (dla cudzoziemca)\" download >\r\n\t\t\t<img decoding=\"async\" src=\"https:\/\/abm.uksw.edu.pl\/wp-content\/themes\/uksw\/images\/import.svg\" alt=\"\"> Rachunek za wykonane prace zgodnie z umowa o dzie\u0142o i przeniesienie praw\nautorskich (dla cudzoziemca) [PDF,  0.03 MB]<\/a>\r\n\t\t<\/div>\r\n<\/div>\r\n\r\n\r\n\t\t\r\n<div class=\"col-xl-12 col-lg-12 col-md-12 col-sm-12 \">\r\n\t\t<div class=\"download_detils\">\r\n\t\t\t<a href=\"https:\/\/abm.uksw.edu.pl\/wp-content\/uploads\/sites\/56\/2022\/10\/zal_5_do_z_6_08.pdf\"  title=\"Aneks do umowy o dzie\u0142o i przeniesienie praw autorskich\" download >\r\n\t\t\t<img decoding=\"async\" src=\"https:\/\/abm.uksw.edu.pl\/wp-content\/themes\/uksw\/images\/import.svg\" alt=\"\"> Aneks do umowy o dzie\u0142o i przeniesienie praw autorskich [PDF,  0.04 MB]<\/a>\r\n\t\t<\/div>\r\n<\/div>\r\n\r\n\r\n\t\t\r\n<div class=\"col-xl-12 col-lg-12 col-md-12 col-sm-12 \">\r\n\t\t<div class=\"download_detils\">\r\n\t\t\t<a href=\"https:\/\/abm.uksw.edu.pl\/wp-content\/uploads\/sites\/56\/2022\/10\/zal_6_do_z_6_08.pdf\"  title=\"Umowa o dzie\u0142o\" download >\r\n\t\t\t<img decoding=\"async\" src=\"https:\/\/abm.uksw.edu.pl\/wp-content\/themes\/uksw\/images\/import.svg\" alt=\"\"> Umowa o dzie\u0142o [PDF,  0.04 MB]<\/a>\r\n\t\t<\/div>\r\n<\/div>\r\n\r\n\r\n\t\t\r\n<div class=\"col-xl-12 col-lg-12 col-md-12 col-sm-12 \">\r\n\t\t<div class=\"download_detils\">\r\n\t\t\t<a href=\"https:\/\/abm.uksw.edu.pl\/wp-content\/uploads\/sites\/56\/2022\/10\/zal_7_do_z_6_08.pdf\"  title=\"Rachunek za wykonane prace zgodnie z umow\u0105 o dzie\u0142o\" download >\r\n\t\t\t<img decoding=\"async\" src=\"https:\/\/abm.uksw.edu.pl\/wp-content\/themes\/uksw\/images\/import.svg\" alt=\"\"> Rachunek za wykonane prace zgodnie z umow\u0105 o dzie\u0142o [PDF,  0.03 MB]<\/a>\r\n\t\t<\/div>\r\n<\/div>\r\n\r\n\r\n\t\t\r\n<div class=\"col-xl-12 col-lg-12 col-md-12 col-sm-12 \">\r\n\t\t<div class=\"download_detils\">\r\n\t\t\t<a href=\"https:\/\/abm.uksw.edu.pl\/wp-content\/uploads\/sites\/56\/2022\/10\/zal_8_do_z_6_08.pdf\"  title=\"Rachunek za wykonane prace zgodnie z umow\u0105 o dzie\u0142o (dla cudzoziemca)\" download >\r\n\t\t\t<img decoding=\"async\" src=\"https:\/\/abm.uksw.edu.pl\/wp-content\/themes\/uksw\/images\/import.svg\" alt=\"\"> Rachunek za wykonane prace zgodnie z umow\u0105 o dzie\u0142o (dla cudzoziemca) [PDF,  0.03 MB]<\/a>\r\n\t\t<\/div>\r\n<\/div>\r\n\r\n\r\n\t\t\r\n<div class=\"col-xl-12 col-lg-12 col-md-12 col-sm-12 \">\r\n\t\t<div class=\"download_detils\">\r\n\t\t\t<a href=\"https:\/\/abm.uksw.edu.pl\/wp-content\/uploads\/sites\/56\/2022\/10\/zal_9_do_z_6_08.pdf\"  title=\"Aneks do umowy o dzie\u0142o\" download >\r\n\t\t\t<img decoding=\"async\" src=\"https:\/\/abm.uksw.edu.pl\/wp-content\/themes\/uksw\/images\/import.svg\" alt=\"\"> Aneks do umowy o dzie\u0142o [PDF,  0.04 MB]<\/a>\r\n\t\t<\/div>\r\n<\/div>\r\n\r\n\r\n\t\t\r\n<div class=\"col-xl-12 col-lg-12 col-md-12 col-sm-12 \">\r\n\t\t<div class=\"download_detils\">\r\n\t\t\t<a href=\"https:\/\/abm.uksw.edu.pl\/wp-content\/uploads\/sites\/56\/2022\/10\/zal_10_do_z_6_08.pdf\"  title=\"Umowa zlecenia\" download >\r\n\t\t\t<img decoding=\"async\" src=\"https:\/\/abm.uksw.edu.pl\/wp-content\/themes\/uksw\/images\/import.svg\" alt=\"\"> Umowa zlecenia [PDF,  0.04 MB]<\/a>\r\n\t\t<\/div>\r\n<\/div>\r\n\r\n\r\n\t\t\r\n<div class=\"col-xl-12 col-lg-12 col-md-12 col-sm-12 \">\r\n\t\t<div class=\"download_detils\">\r\n\t\t\t<a href=\"https:\/\/abm.uksw.edu.pl\/wp-content\/uploads\/sites\/56\/2022\/10\/zal_11_do_z_6_08.pdf\"  title=\"Rachunek za wykonane prace zgodnie z umowa zlecenia\" download >\r\n\t\t\t<img decoding=\"async\" src=\"https:\/\/abm.uksw.edu.pl\/wp-content\/themes\/uksw\/images\/import.svg\" alt=\"\"> Rachunek za wykonane prace zgodnie z umowa zlecenia [PDF,  0.03 MB]<\/a>\r\n\t\t<\/div>\r\n<\/div>\r\n\r\n\r\n\t\t\r\n<div class=\"col-xl-12 col-lg-12 col-md-12 col-sm-12 \">\r\n\t\t<div class=\"download_detils\">\r\n\t\t\t<a href=\"https:\/\/abm.uksw.edu.pl\/wp-content\/uploads\/sites\/56\/2022\/10\/zal_12_do_z_6_08.pdf\"  title=\"Umowa\" download >\r\n\t\t\t<img decoding=\"async\" src=\"https:\/\/abm.uksw.edu.pl\/wp-content\/themes\/uksw\/images\/import.svg\" alt=\"\"> Umowa [PDF,  0.04 MB]<\/a>\r\n\t\t<\/div>\r\n<\/div>\r\n\r\n\r\n\t\t\r\n\t\t \r\n\r\n<\/div>\r\n<\/div>\r\n<div class=\"space20\"><\/div>\r\n\r\n\n\n\n<p>Dokumenty dotycz\u0105ce konferencji naukowych:<\/p>\n\n\n\r\n<div class=\"\">\r\n\r\n\r\n<div class=\"row\">\r\n\r\n  \r\n<div class=\"col-xl-12 col-lg-12 col-md-12 col-sm-12 \">\r\n\t\t<div class=\"download_detils\">\r\n\t\t\t<a href=\"https:\/\/abm.uksw.edu.pl\/wp-content\/uploads\/sites\/56\/2022\/10\/zal_10_do_z_40_11.pdf\"  title=\"Umowa o dzie\u0142o i przeniesienie praw autoskich (za wyg\u0142oszony referat)\" download >\r\n\t\t\t<img decoding=\"async\" src=\"https:\/\/abm.uksw.edu.pl\/wp-content\/themes\/uksw\/images\/import.svg\" alt=\"\"> Umowa o dzie\u0142o i przeniesienie praw autoskich (za wyg\u0142oszony referat) [PDF,  0.06 MB]<\/a>\r\n\t\t<\/div>\r\n<\/div>\r\n\r\n\r\n\t\t\r\n<div class=\"col-xl-12 col-lg-12 col-md-12 col-sm-12 \">\r\n\t\t<div class=\"download_detils\">\r\n\t\t\t<a href=\"https:\/\/abm.uksw.edu.pl\/wp-content\/uploads\/sites\/56\/2022\/10\/zal_10_do_z_40_11_rachunek.pdf\"  title=\"Rachunek do umowy o dzie\u0142o i przeniesienie praw autorskich (za wyg\u0142oszony referat)\" download >\r\n\t\t\t<img decoding=\"async\" src=\"https:\/\/abm.uksw.edu.pl\/wp-content\/themes\/uksw\/images\/import.svg\" alt=\"\"> Rachunek do umowy o dzie\u0142o i przeniesienie praw autorskich (za wyg\u0142oszony\nreferat) [PDF,  0.04 MB]<\/a>\r\n\t\t<\/div>\r\n<\/div>\r\n\r\n\r\n\t\t\r\n<div class=\"col-xl-12 col-lg-12 col-md-12 col-sm-12 \">\r\n\t\t<div class=\"download_detils\">\r\n\t\t\t<a href=\"https:\/\/abm.uksw.edu.pl\/wp-content\/uploads\/sites\/56\/2022\/10\/zal_10_do_z_40_11_rachunek_cudzoziemiec.pdf\"  title=\"Rachunek do umowy o dzie\u0142o i przeniesienie praw autorskich dla cudzoziemca (za wyg\u0142oszony referat)\" download >\r\n\t\t\t<img decoding=\"async\" src=\"https:\/\/abm.uksw.edu.pl\/wp-content\/themes\/uksw\/images\/import.svg\" alt=\"\"> Rachunek do umowy o dzie\u0142o i przeniesienie praw autorskich dla cudzoziemca (za\nwyg\u0142oszony referat) [PDF,  0.04 MB]<\/a>\r\n\t\t<\/div>\r\n<\/div>\r\n\r\n\r\n\t\t\r\n\t\t \r\n\r\n<\/div>\r\n<\/div>\r\n<div class=\"space20\"><\/div>\r\n\r\n","protected":false},"excerpt":{"rendered":"<p>W zwi\u0105zku ze zmian\u0105 ustawy z 13 pa\u017adziernika 1998 r. o systemie ubezpiecze\u0144 spo\u0142ecznych, od 1 stycznia 2016 r. zmianie uleg\u0142y zasady rozstrzygania zbieg\u00f3w tytu\u0142\u00f3w ubezpiecze\u0144 emerytalnych i rentowych. W zwi\u0105zku z tym&nbsp;od 1 stycznia 2016 r.&nbsp;UKSW ma obowi\u0105zek ustalania \u0142\u0105cznej podstawy wymiaru sk\u0142adek emerytalnych i rentowych&nbsp;dla ka\u017cdego miesi\u0105ca i ka\u017cdego zleceniobiorcy odr\u0119bnie. Dostosowuj\u0105c dzia\u0142ania [&hellip;]<\/p>\n","protected":false},"author":1,"featured_media":4637,"parent":3361,"menu_order":3,"comment_status":"closed","ping_status":"closed","template":"page-templates\/template-sub-page.php","meta":{"_acf_changed":false,"inline_featured_image":false,"footnotes":"","_links_to":"","_links_to_target":""},"class_list":["post-4254","page","type-page","status-publish","has-post-thumbnail","hentry"],"acf":[],"_links":{"self":[{"href":"https:\/\/abm.uksw.edu.pl\/pl\/wp-json\/wp\/v2\/pages\/4254","targetHints":{"allow":["GET"]}}],"collection":[{"href":"https:\/\/abm.uksw.edu.pl\/pl\/wp-json\/wp\/v2\/pages"}],"about":[{"href":"https:\/\/abm.uksw.edu.pl\/pl\/wp-json\/wp\/v2\/types\/page"}],"author":[{"embeddable":true,"href":"https:\/\/abm.uksw.edu.pl\/pl\/wp-json\/wp\/v2\/users\/1"}],"replies":[{"embeddable":true,"href":"https:\/\/abm.uksw.edu.pl\/pl\/wp-json\/wp\/v2\/comments?post=4254"}],"version-history":[{"count":6,"href":"https:\/\/abm.uksw.edu.pl\/pl\/wp-json\/wp\/v2\/pages\/4254\/revisions"}],"predecessor-version":[{"id":21832,"href":"https:\/\/abm.uksw.edu.pl\/pl\/wp-json\/wp\/v2\/pages\/4254\/revisions\/21832"}],"up":[{"embeddable":true,"href":"https:\/\/abm.uksw.edu.pl\/pl\/wp-json\/wp\/v2\/pages\/3361"}],"wp:featuredmedia":[{"embeddable":true,"href":"https:\/\/abm.uksw.edu.pl\/pl\/wp-json\/wp\/v2\/media\/4637"}],"wp:attachment":[{"href":"https:\/\/abm.uksw.edu.pl\/pl\/wp-json\/wp\/v2\/media?parent=4254"}],"curies":[{"name":"wp","href":"https:\/\/api.w.org\/{rel}","templated":true}]}}