{"id":3676,"date":"2022-10-14T15:06:11","date_gmt":"2022-10-14T13:06:11","guid":{"rendered":"https:\/\/jednostki.uksw.edu.pl\/abm\/projekty-badawcze\/zrodla-krajowe\/konkursy-dla-mlodych-naukowcow\/"},"modified":"2022-11-07T10:09:00","modified_gmt":"2022-11-07T09:09:00","slug":"konkursy-dla-mlodych-naukowcow","status":"publish","type":"page","link":"https:\/\/abm.uksw.edu.pl\/projekty-badawcze\/zrodla-krajowe\/konkursy-dla-mlodych-naukowcow\/","title":{"rendered":"Konkursy dla M\u0142odych Naukowc\u00f3w"},"content":{"rendered":"\n<p>W celu u\u0142atwienia m\u0142odym naukowcom rozwoju kariery naukowej, Biuro ds. Bada\u0144 Naukowych przygotowa\u0142o list\u0119 konkurs\u00f3w i program\u00f3w, w kt\u00f3rych mo\u017cna uzyska\u0107 \u015brodki finansowe na badania naukowe. Konkursy i programy zosta\u0142y podzielone ze wzgl\u0119du na instytucj\u0119, kt\u00f3ra je organizuje.<\/p>\n\n\n\n<p>Poni\u017cej przedstawione zosta\u0142y konkursy, kt\u00f3re adresowane s\u0105 tylko do m\u0142odych naukowc\u00f3w. W wymienionych instytucjach organizowane s\u0105 tak\u017ce og\u00f3lnodost\u0119pne konkursy, w kt\u00f3rych udzia\u0142 mog\u0105 bra\u0107 zar\u00f3wno m\u0142odzi, jak i do\u015bwiadczenie naukowcy. Przy ka\u017cdym konkursie podany zosta\u0142 termin naboru wniosk\u00f3w. Je\u015bli w danym konkursie trwa obecnie nab\u00f3r wniosk\u00f3w, zosta\u0142o to zaznaczone.<\/p>\n\n\n\n<ul class=\"wp-block-list\">\n<li><strong>Konkursy Ministerstwa Edukacji i Nauki&nbsp;<\/strong><\/li>\n\n\n\n<li><strong>Konkursy Narodowego Centrum Nauki<\/strong><\/li>\n\n\n\n<li><strong>Konkursy Fundacji na rzecz Nauki Polskiej<\/strong><\/li>\n\n\n\n<li><strong>Konkursy Narodowego Centrum Bada\u0144 i Rozwoju<\/strong><\/li>\n<\/ul>\n\n\n\n<p><a href=\"http:\/\/www.nauka.gov.pl\/g2\/oryginal\/2013_05\/48f12934e2b187c5b5c83b17c42245f1.pdf\" target=\"_blank\" rel=\"noreferrer noopener\">Broszura o \u017arod\u0142ach finansowania bada\u0144 dla m\u0142odych naukowc\u00f3w<\/a>\u00a0przygotowana przez MEiN.<\/p>\n\n\n\n<h2 class=\"wp-block-heading\">Konkursy Ministerstwa Edukacji i Nauki<\/h2>\n\n\n\n<p><strong>Per\u0142y Nauki<\/strong><br>Przedmiotem programu jest wsparcie podmiot\u00f3w systemu szkolnictwa wy\u017cszego i nauki w tworzeniu wybitnie uzdolnionym absolwentom studi\u00f3w pierwszego stopnia lub studentom po uko\u0144czeniu trzeciego albo czwartego roku jednolitych studi\u00f3w magisterskich warunk\u00f3w rozwoju przez umo\u017cliwienie im prowadzenia bada\u0144 naukowych albo tw\u00f3rczo\u015bci artystycznej pod kierunkiem opiekuna naukowego albo artystycznego.<\/p>\n\n\n\n<p>Kierownikiem projektu mo\u017ce by\u0107:<\/p>\n\n\n\n<ul class=\"wp-block-list\">\n<li>absolwent studi\u00f3w pierwszego stopnia, kt\u00f3ry otrzyma\u0142 tytu\u0142 zawodowy licencjata, in\u017cyniera albo r\u00f3wnorz\u0119dny w roku poprzedzaj\u0105cym rok przeprowadzenia naboru wniosk\u00f3w w ramach programu;<\/li>\n\n\n\n<li>student jednolitych studi\u00f3w magisterskich, kt\u00f3ry w roku poprzedzaj\u0105cym rok przeprowadzenia naboru wniosk\u00f3w w ramach programu uko\u0144czy\u0142:\n<ul class=\"wp-block-list\">\n<li>trzeci rok studi\u00f3w \u2013 w przypadku studi\u00f3w trwaj\u0105cych nie d\u0142u\u017cej ni\u017c 11 semestr\u00f3w,<\/li>\n\n\n\n<li>czwarty rok studi\u00f3w \u2013 w przypadku studi\u00f3w trwaj\u0105cych nie kr\u00f3cej ni\u017c 12 semestr\u00f3w<\/li>\n<\/ul>\n<\/li>\n\n\n\n<li>i kontynuuje kszta\u0142cenie na tych studiach;<\/li>\n\n\n\n<li>posiadaj\u0105cy obywatelstwo polskie absolwent studi\u00f3w pierwszego stopnia uko\u0144czonych za granic\u0105 w roku poprzedzaj\u0105cym rok przeprowadzenia naboru wniosk\u00f3w w ramach program.<\/li>\n<\/ul>\n\n\n\n<p>Szczeg\u00f3\u0142owe informacje o naborze wniosk\u00f3w mo\u017cna znale\u017a\u0107 na&nbsp;<a href=\"https:\/\/www.gov.pl\/web\/edukacja-i-nauka\/komunikat-ministra-edukacji-i-nauki-z-dnia-31-grudnia-2021-r-o-ustanowieniu-programu-pod-nazwa-perly-nauki-i-naborze-wnioskow\">stronie internetowej Ministerstwa Edukacji i Nauki<\/a>.<\/p>\n\n\n\n<p><strong>Stypendia dla wybitnych m\u0142odych naukowc\u00f3w<\/strong><br>O stypendia mog\u0105 wyst\u0119powa\u0107 m\u0142odzi naukowcy, kt\u00f3rzy w dniu zg\u0142oszenia wniosku nie uko\u0144czyli 35. roku \u017cycia i s\u0105 zatrudnieni w jednostkach naukowych. Stypendium mo\u017ce by\u0107 przyznane na maksymalnie&nbsp;<strong>36 miesi\u0119cy<\/strong>.<br>Przy ocenie wniosk\u00f3w pod uwag\u0119 brane s\u0105 m.in.<\/p>\n\n\n\n<ul class=\"wp-block-list\">\n<li>wyr\u00f3\u017cniaj\u0105cy si\u0119 poziom prowadzonych bada\u0144 naukowych;<\/li>\n\n\n\n<li>dotychczasowy dorobek naukowy kandydata (w tym &#8211; nagrody i wyr\u00f3\u017cnienia krajowe oraz zagraniczne);<\/li>\n\n\n\n<li>wk\u0142ad realizowanych bada\u0144 w rozw\u00f3j danej dyscypliny naukowej;<\/li>\n\n\n\n<li>dorobek w zakresie zastosowa\u0144 praktycznych prowadzonych bada\u0144 naukowych lub prac rozwojowych.<\/li>\n<\/ul>\n\n\n\n<p>Wnioski o stypendia przyjmowane s\u0105 do 31 marca ka\u017cdego roku. Szczeg\u00f3\u0142owe informacje o naborze wniosk\u00f3w w ramach Stypendi\u00f3w dla wybitnych m\u0142odych naukowc\u00f3w znajda Pa\u0144stwo na stronie&nbsp;<a href=\"http:\/\/www.nauka.gov.pl\/szkolnictwo-wyzsze\/informacja-na-temat-stypendiow-ministra-za-wybitne-osiagniecia-dla-doktorantow-na-rok-akademicki-2014-2015.html\">Ministerstwa<\/a>.<\/p>\n\n\n\n<h2 class=\"wp-block-heading\">Konkursy Narodowego Centrum Nauki<\/h2>\n\n\n\n<p><strong>PRELUDIUM<\/strong><\/p>\n\n\n\n<p>Konkurs na finansowanie projekt\u00f3w badawczych, realizowanych przez osoby rozpoczynaj\u0105ce karier\u0119 naukow\u0105 nieposiadaj\u0105ce stopnia naukowego doktora. Zg\u0142aszany projekt mo\u017ce trwa\u0107&nbsp;<strong>od 12 do 36 miesi\u0119cy<\/strong>. Maksymalna wysoko\u015b\u0107 wnioskowanego dofinansowania uzale\u017cniona jest od czasu trwania zg\u0142aszanego projektu:<\/p>\n\n\n\n<ul class=\"wp-block-list\">\n<li>12 miesi\u0119cy &#8211; 70 tys. z\u0142;<\/li>\n\n\n\n<li>24 miesi\u0105ce &#8211; 140 tys. z\u0142;<\/li>\n\n\n\n<li>36 miesi\u0119cy &#8211; 210 tys. z\u0142.<\/li>\n<\/ul>\n\n\n\n<p><br>Nab\u00f3r wniosk\u00f3w w konkursach og\u0142aszanych w ramach programu PRELUDIUM otwierany jest raz do roku: od&nbsp;<strong>15 marca do 15 czerwca<\/strong>. Liczba os\u00f3b zaanga\u017cowanych w realizacj\u0119 projektu nie mo\u017ce przekracza\u0107 trzech os\u00f3b, w\u015br\u00f3d kt\u00f3rych mo\u017ce by\u0107 tylko jeden pracownik naukowy posiadaj\u0105cy stopie\u0144 naukowy doktora habilitowanego lub tytu\u0142 naukowy, b\u0119d\u0105cy opiekunem naukowym lub promotorem. Beneficjentem \u015brodk\u00f3w finansowych przeznaczonych na realizacj\u0119 projektu nie mo\u017ce by\u0107 opiekun naukowy lub promotor. W ramach konkursu mo\u017cliwy jest zakup aparatury naukowo-badawczej, kt\u00f3rej koszt ca\u0142kowity nie przekracza 30% wysoko\u015bci wnioskowanych \u015brodk\u00f3w na realizacj\u0119 projektu.<\/p>\n\n\n\n<p>Szczeg\u00f3\u0142owe informacje o naborze wniosk\u00f3w w ramach konkursu PRELUDIUM znajd\u0105 Pa\u0144stwo na&nbsp;<a href=\"http:\/\/ncn.gov.pl\/finansowanie-nauki\/konkursy\/typy\" target=\"_blank\" rel=\"noreferrer noopener\">stronie NCN<\/a>.<\/p>\n\n\n\n<p><strong>SONATA&nbsp;<\/strong><\/p>\n\n\n\n<p>Konkurs adresowany do m\u0142odych naukowc\u00f3w rozpoczynaj\u0105cych karier\u0119 naukowa i posiadaj\u0105ce stopie\u0144 naukowy doktora. Przez osob\u0119 rozpoczynaj\u0105c\u0105 karier\u0119 naukow\u0105 posiadaj\u0105c\u0105 stopie\u0144 naukowy doktora, nale\u017cy rozumie\u0107 osob\u0119, kt\u00f3ra nie wcze\u015bniej ni\u017c 5 lat przed rokiem wyst\u0105pienia z wnioskiem uzyska\u0142a stopie\u0144 naukowy doktora. W ramach konkursu finansowane s\u0105 projekty badawcze, maj\u0105ce na celu stworzenie unikatowego warsztatu naukowego.<\/p>\n\n\n\n<p>Okres realizacji zg\u0142aszanego projektu mo\u017ce wynosi\u0107&nbsp;<strong>od 12 do 36 miesi\u0119cy.&nbsp;<\/strong>Nie ma ogranicze\u0144 wysoko\u015bci finansowania zg\u0142aszanego projektu.<\/p>\n\n\n\n<p>Nab\u00f3r wniosk\u00f3w w ramach konkursu SONATA otwarty jest&nbsp;<strong>od 15 czerwca do 15 wrze\u015bnia<\/strong>. Szczeg\u00f3\u0142owe informacje o naborze wniosk\u00f3w w ramach konkursu SONATA znajd\u0105 Pa\u0144stwo na&nbsp;<a href=\"http:\/\/ncn.gov.pl\/finansowanie-nauki\/konkursy\/typy\" target=\"_blank\" rel=\"noreferrer noopener\">stronie NCN<\/a>.<\/p>\n\n\n\n<p><strong>SONATA BIS<\/strong><\/p>\n\n\n\n<p>Konkurs adresowany do naukowc\u00f3w, kt\u00f3rzy posiadaj\u0105 stopie\u0144 naukowy lub tytu\u0142 naukowy, a kt\u00f3re uzyska\u0142y stopie\u0144 naukowy doktora w okresie od 2 do 12 lat przed rokiem wyst\u0105pienia z wnioskiem. W ramach konkursu finansowane s\u0105 projekty badawcze maj\u0105ce na celu powo\u0142anie nowego zespo\u0142u naukowego.<\/p>\n\n\n\n<p>Okres realizacji zg\u0142aszanego projketu mo\u017ce wynosi\u0107&nbsp;<strong>od 36 do 60 miesi\u0119cy.&nbsp;<\/strong>Wysoko\u015b\u0107 finansowania nie mo\u017ce przekracza\u0107 1,5 mln z\u0142 na ca\u0142y okres 60 miesi\u0119cy.<\/p>\n\n\n\n<p>Nab\u00f3r wniosk\u00f3w w ramach konkursu SONATA BIS otwarty jest&nbsp;<strong>od 15 czerwca do 15 wrze\u015bnia&nbsp;<\/strong>oraz&nbsp; ka\u017cdego roku. Szczeg\u00f3\u0142owe informacje o naborze wniosk\u00f3w w ramach konkursu SONATA BIS znajd\u0105 Pa\u0144stwo na&nbsp;<a href=\"http:\/\/ncn.gov.pl\/finansowanie-nauki\/konkursy\/typy\" target=\"_blank\" rel=\"noreferrer noopener\">stronie NCN<\/a>.<\/p>\n\n\n\n<p><strong>SONATINA<\/strong><\/p>\n\n\n\n<p>Konkurs na projekty badawcze realizowane przez osoby posiadaj\u0105ce stopie\u0144 naukowy doktora, uzyskany w okresie do 3 lat przed rokiem wyst\u0105pienia z wnioskiem. Konkurs skierowany jest do os\u00f3b, kt\u00f3re:<\/p>\n\n\n\n<ul class=\"wp-block-list\">\n<li>a) nie maj\u0105 zatrudnienia na podstawie umowy o prac\u0119 w jednostce naukowej w rozumieniu art. 2 pkt 9 lit. a-d ustawy z dnia 30 kwietnia 2010 r. o zasadach finansowania nauki (Dz. U. z 2014 r. poz. 1620 z p\u00f3\u017an. zm.) i chc\u0105 uzyska\u0107 w tych jednostkach zatrudnienie na podstawie umowy o prac\u0119 w pe\u0142nym wymiarze czasu pracy i realizowa\u0107 w roli kierownika projektu swoje projekty badawcze;<\/li>\n\n\n\n<li>b) maj\u0105 zatrudnienie na podstawie umowy o prac\u0119 w jednostce naukowej w rozumieniu art. 2 pkt 9 lit. a-d ustawy z dnia 30 kwietnia 2010 r. o zasadach finansowania nauki, ale chc\u0105 uzyska\u0107 zatrudnienie na podstawie umowy o prac\u0119 w pe\u0142nym wymiarze czasu pracy w innej jednostce ni\u017c obecny pracodawca i realizowa\u0107 w roli kierownika projektu swoje projekty badawcze.<\/li>\n<\/ul>\n\n\n\n<p>Okres realizacji projektu mo\u017ce wynosi\u0107&nbsp;<strong>24 lub 36 miesi\u0119cy<\/strong>. Nab\u00f3r wniosk\u00f3w w konkursie SONATINA prowadzony jest&nbsp;<strong>od 15 grudnia do 15 marca<\/strong>. Szczeg\u00f3\u0142owe informacje o naborze wniosk\u00f3w w ramach konkursu SONATINA&nbsp; znajd\u0105 Pa\u0144stwo na&nbsp;<a href=\"https:\/\/ncn.gov.pl\/ogloszenia\/konkursy\/sonatina1\" target=\"_blank\" rel=\"noreferrer noopener\">stronie NCN<\/a>.<\/p>\n\n\n\n<p><strong>MINIATURA<\/strong><\/p>\n\n\n\n<p><strong>Nab\u00f3r wniosk\u00f3w w konursie Miniatura 6 ruszy\u0142 w lutym 2022 r.&nbsp;<\/strong>&nbsp;w trybie ci\u0105g\u0142ym prowadzony b\u0119dzie nab\u00f3r wniosk\u00f3w w ramach konkursu Miniatura 1. W ramach konkursu mo\u017cliwe b\u0119dzie uzyskanie wsparcia finansowego na zrealizowanie pojedynczego zadania badawczego.<\/p>\n\n\n\n<p>Do konkursu Miniatura 6 mo\u017cna zg\u0142asza\u0107 wnioski:<\/p>\n\n\n\n<ul class=\"wp-block-list\">\n<li>kt\u00f3re obejmuj\u0105 badania podstawowe w rozumieniu art. 2 pkt 3 lit. a) ustawy z dnia 30 kwietnia 2010 r. o zasadach finansowania nauki;<\/li>\n\n\n\n<li>kt\u00f3rych okres realizacji wynosi 12 miesi\u0119cy, z mo\u017cliwo\u015bci\u0105 skr\u00f3cenia w razie wcze\u015bniejszego zako\u0144czenia realizacji dzia\u0142ania;<\/li>\n\n\n\n<li>kt\u00f3rych wysoko\u015b\u0107 finansowania wynosi od 5 000 do 50 000 z\u0142otych;<\/li>\n\n\n\n<li>kt\u00f3re nie przewiduj\u0105 wynagrodze\u0144 oraz stypendi\u00f3w naukowych, z wyj\u0105tkiem wynagrodze\u0144 wykonawc\u00f3w zbiorowych nieb\u0119d\u0105cych pracownikami podmiotu, w kt\u00f3rym realizowane jest dzia\u0142anie;<\/li>\n\n\n\n<li>kt\u00f3re nie przewiduj\u0105 zakupu, wytworzenia lub modernizacji aparatury naukowo-badawczej, urz\u0105dze\u0144 lub oprogramowania.<\/li>\n<\/ul>\n\n\n\n<p>Wnioski mog\u0105 by\u0107 sk\u0142adane przez osoby, kt\u00f3re:<\/p>\n\n\n\n<ul class=\"wp-block-list\">\n<li>osoba realizuj\u0105ca pojedyncze dzia\u0142ania naukowe uzyska\u0142a stopie\u0144 doktora nie wcze\u015bniej ni\u017c 1 stycznia 20010 r. Okres ten mo\u017ce by\u0107 przed\u0142u\u017cony o czas przebywania w tym okresie na d\u0142ugoterminowych (powy\u017cej 90 dni) udokumentowanych zasi\u0142kach chorobowych lub \u015bwiadczeniach rehabilitacyjnych w zwi\u0105zku z niezdolno\u015bci\u0105 do pracy. Dodatkowo okres ten mo\u017cna przed\u0142u\u017cy\u0107 o liczb\u0119 miesi\u0119cy przebywania na urlopach zwi\u0105zanych z opiek\u0105 i wychowaniem dzieci udzielanych na zasadach okre\u015blonych w Kodeksie pracy, a w przypadku kobiet \u2013 18 miesi\u0119cy za ka\u017cde urodzone b\u0105d\u017a przysposobione dziecko, je\u017celi taki spos\u00f3b wskazania przerw w karierze naukowej jest bardziej korzystny. W przypadku os\u00f3b, kt\u00f3re uzyska\u0142y wi\u0119cej ni\u017c jeden stopie\u0144 doktora, dat\u0105 odniesienia jest data uzyskania pierwszego z nich;<\/li>\n\n\n\n<li>osoba realizuj\u0105ca pojedyncze dzia\u0142ania naukowe&nbsp; jest zatrudniona przez wnioskodawc\u0119 na podstawie umowy o prac\u0119 na dzie\u0144 z\u0142o\u017cenia wniosku;<\/li>\n\n\n\n<li>osoba realizuj\u0105ca pojedyncze dzia\u0142ania naukowe nie kierowa\u0142a i nie kieruje realizacj\u0105 projekt\u00f3w badawczych finansowanych ze \u015brodk\u00f3w Narodowego Centrum Nauki;<\/li>\n\n\n\n<li>osoba realizuj\u0105ca pojedyncze dzia\u0142ania naukowe nie jest laureatem konkurs\u00f3w na stypendia doktorskie ETIUDA lub na sta\u017ce (w tym FUGA i UWERTURA) finansowane ze \u015brodk\u00f3w NCN;<\/li>\n\n\n\n<li>osoba realizuj\u0105ca pojedyncze dzia\u0142ania naukowe nie jest wnioskodawc\u0105, kierownikiem projektu ani kandydatem na sta\u017c we wniosku z\u0142o\u017conym lub zakwalifikowanym do finansowania w innym konkursie Narodowego Centrum Nauki;<\/li>\n\n\n\n<li>osoba realizuj\u0105ca pojedyncze dzia\u0142ania naukowe posiada w swoim dorobku naukowym co najmniej jedn\u0105 opublikowan\u0105 prac\u0119 lub co najmniej jedno dokonanie artystyczne lub artystyczno-naukowe.<\/li>\n\n\n\n<li>Szczeg\u00f3\u0142owe informacje o konkursie&nbsp;<a href=\"https:\/\/jednostki.uksw.edu.pl\/abm\/NCN_Miniatura_6\">Miniatura 6 mo\u017cna znale\u017a\u0107 na stronie internetowej BBN<\/a>.<\/li>\n<\/ul>\n\n\n\n<h2 class=\"wp-block-heading\">Konkursy Fundacji na rzecz Nauki Polskiej<\/h2>\n\n\n\n<p><strong>PROGRAM START<\/strong><\/p>\n\n\n\n<p>Program skierowany jest do m\u0142odych, stoj\u0105cych u progu kariery badaczy, kt\u00f3rzy ju\u017c mog\u0105 wykaza\u0107 si\u0119 sukcesami w swojej dziedzinie nauki. Stypendia stanowi\u0105 dow\u00f3d uznania dla dotychczasowych osi\u0105gni\u0119\u0107 naukowych m\u0142odych uczonych i s\u0105 dla nich zach\u0119t\u0105 do dalszego rozwoju poprzez umo\u017cliwienie im pe\u0142nego po\u015bwi\u0119cenia si\u0119 pracy badawczej.<\/p>\n\n\n\n<p>O stypendia mog\u0105 si\u0119 ubiega\u0107 m\u0142odzi uczeni, kt\u00f3rzy:<\/p>\n\n\n\n<ul class=\"wp-block-list\">\n<li>nie przekroczyli wieku 30 lat w roku sk\u0142adania wniosku (lub 32 lat w przypadku kandydat\u00f3w, kt\u00f3rzy korzystali z urlop\u00f3w wychowawczych\/macierzy\u0144skich);<\/li>\n\n\n\n<li>s\u0105 pracownikami (ze stopniem naukowym magistra lub doktora) lub doktorantami w szkole wy\u017cszej lub innej krajowej instytucji, do kt\u00f3rej cel\u00f3w statutowych nale\u017cy prowadzenie bada\u0144 naukowych;<\/li>\n\n\n\n<li>maj\u0105 dorobek udokumentowany publikacjami (artyku\u0142y w uznanych periodykach naukowych lub pozycje ksi\u0105\u017ckowe).<\/li>\n<\/ul>\n\n\n\n<p>Podstaw\u0119 oceny kandydata stanowi jego dorobek naukowy oraz przedstawione plany badawcze. W ka\u017cdej&nbsp; Fundacja przyzna do 130 rocznych stypendi\u00f3w. Wysoko\u015b\u0107 rocznego stypendium wynosi obecnie&nbsp;<strong>28 tys. z\u0142.&nbsp;<\/strong><\/p>\n\n\n\n<p>Wszelkie informacje o Programie START znajd\u0105 Pa\u0144stwo na&nbsp;<a href=\"http:\/\/www.fnp.org.pl\/oferta\/start\/\" target=\"_blank\" rel=\"noreferrer noopener\">stronie FNP<\/a>.<\/p>\n\n\n\n<h2 class=\"wp-block-heading\">Konkursy Narodowego Centrum Bada\u0144 i Rozwoju<\/h2>\n\n\n\n<p><strong>LIDER&nbsp;<\/strong><\/p>\n\n\n\n<p>Konkurs skierowany do m\u0142odych naukowc\u00f3w (osoba prowadz\u0105ca dzia\u0142alno\u015b\u0107 naukow\u0105, kt\u00f3ra nie uko\u0144czy\u0142a 35. roku \u017cycia), kt\u00f3rzy rozpoczynaj\u0105 karier\u0119 naukow\u0105 (osoba nieposiadaj\u0105c\u0105 stopnia naukowego doktora lub osoba, kt\u00f3ra nie wcze\u015bniej ni\u017c 5 lat przed rokiem wyst\u0105pienia z wnioskiem o przyznanie \u015brodk\u00f3w finansowych na badania naukowe lub prace rozwojowe uzyska\u0142a stopie\u0144 naukowy doktora; do okresu tego nie wlicza si\u0119 urlopu macierzy\u0144skiego i wychowawczego udzielanych na zasadach okre\u015blonych w Kodeksie pracy). W ramach konkursu mo\u017cna uzyska\u0107 do&nbsp;<strong>1,2<\/strong>&nbsp;mln z\u0142 finansowania.<\/p>\n\n\n\n<p>Wi\u0119cej informacji znajd\u0105 Pa\u0144stwo na stronie&nbsp;<a href=\"http:\/\/ncbr.gov.pl\/programy-krajowe\/lider\/lider-v-edycja\/aktualnosci\/art,2463,v-edycja-programu-lider.html\" target=\"_blank\" rel=\"noreferrer noopener\">www.ncbir.gov.pl<\/a>.<\/p>\n","protected":false},"excerpt":{"rendered":"<p>W celu u\u0142atwienia m\u0142odym naukowcom rozwoju kariery naukowej, Biuro ds. Bada\u0144 Naukowych przygotowa\u0142o list\u0119 konkurs\u00f3w i program\u00f3w, w kt\u00f3rych mo\u017cna uzyska\u0107 \u015brodki finansowe na badania naukowe. Konkursy i programy zosta\u0142y podzielone ze wzgl\u0119du na instytucj\u0119, kt\u00f3ra je organizuje. Poni\u017cej przedstawione zosta\u0142y konkursy, kt\u00f3re adresowane s\u0105 tylko do m\u0142odych naukowc\u00f3w. W wymienionych instytucjach organizowane s\u0105 tak\u017ce [&hellip;]<\/p>\n","protected":false},"author":1,"featured_media":4626,"parent":3670,"menu_order":9,"comment_status":"closed","ping_status":"closed","template":"page-templates\/template-sub-page.php","meta":{"_acf_changed":false,"inline_featured_image":false,"footnotes":"","_links_to":"","_links_to_target":""},"class_list":["post-3676","page","type-page","status-publish","has-post-thumbnail","hentry"],"acf":[],"_links":{"self":[{"href":"https:\/\/abm.uksw.edu.pl\/pl\/wp-json\/wp\/v2\/pages\/3676","targetHints":{"allow":["GET"]}}],"collection":[{"href":"https:\/\/abm.uksw.edu.pl\/pl\/wp-json\/wp\/v2\/pages"}],"about":[{"href":"https:\/\/abm.uksw.edu.pl\/pl\/wp-json\/wp\/v2\/types\/page"}],"author":[{"embeddable":true,"href":"https:\/\/abm.uksw.edu.pl\/pl\/wp-json\/wp\/v2\/users\/1"}],"replies":[{"embeddable":true,"href":"https:\/\/abm.uksw.edu.pl\/pl\/wp-json\/wp\/v2\/comments?post=3676"}],"version-history":[{"count":4,"href":"https:\/\/abm.uksw.edu.pl\/pl\/wp-json\/wp\/v2\/pages\/3676\/revisions"}],"predecessor-version":[{"id":20841,"href":"https:\/\/abm.uksw.edu.pl\/pl\/wp-json\/wp\/v2\/pages\/3676\/revisions\/20841"}],"up":[{"embeddable":true,"href":"https:\/\/abm.uksw.edu.pl\/pl\/wp-json\/wp\/v2\/pages\/3670"}],"wp:featuredmedia":[{"embeddable":true,"href":"https:\/\/abm.uksw.edu.pl\/pl\/wp-json\/wp\/v2\/media\/4626"}],"wp:attachment":[{"href":"https:\/\/abm.uksw.edu.pl\/pl\/wp-json\/wp\/v2\/media?parent=3676"}],"curies":[{"name":"wp","href":"https:\/\/api.w.org\/{rel}","templated":true}]}}