{"id":3675,"date":"2022-10-14T15:06:11","date_gmt":"2022-10-14T13:06:11","guid":{"rendered":"https:\/\/jednostki.uksw.edu.pl\/abm\/projekty-badawcze\/zrodla-krajowe\/fundacja-na-rzecz-nauki-polskiej\/"},"modified":"2022-11-07T10:12:53","modified_gmt":"2022-11-07T09:12:53","slug":"fundacja-na-rzecz-nauki-polskiej","status":"publish","type":"page","link":"https:\/\/abm.uksw.edu.pl\/projekty-badawcze\/zrodla-krajowe\/fundacja-na-rzecz-nauki-polskiej\/","title":{"rendered":"Fundacja na Rzecz Nauki Polskiej"},"content":{"rendered":"\n<p>Fundacja na rzecz Nauki Polskiej prowadzi nabory w ramach konkurs\u00f3w:<\/p>\n\n\n\n<ul class=\"wp-block-list\">\n<li><strong>MONOGRAFIE<\/strong>&nbsp;&#8211; konkurs umo\u017cliwia wydanie wy\u0142anianych w konkursie, oryginalnych i wcze\u015bniej niepublikowanych prac z zakresu nauk humanistycznych i spo\u0142ecznych. Laureatom konkursu Fundacja zapewnia pokrycie koszt\u00f3w wydania pracy w serii Monografie FNP.<\/li>\n\n\n\n<li><strong>ADIUSTACJE<\/strong>&nbsp;&#8211; laureaci konkursu otrzymuj\u0105 subwencj\u0119 na sfinansowanie adiustacji j\u0119zykowej. Subwencja przeznaczona jest tylko i wy\u0142\u0105cznie na pokrycie koszt\u00f3w tej adiustacji nie mo\u017ce by\u0107 wykorzystana na pokrycie koszt\u00f3w innych prac redakcyjnych b\u0105d\u017a wydawniczych.<\/li>\n\n\n\n<li><strong>TRANSLACJE<\/strong>&nbsp;&#8211; dofinansowanie t\u0142umaczenia na jeden z j\u0119zyk\u00f3w kongresowych dzie\u0142a opublikowanego wcze\u015bniej w serii Monografie FNP. Warunkiem ubiegania si\u0119 o subwencj\u0119 jest udokumentowanie zainteresowania publikacj\u0105 i dystrybucj\u0105 dzie\u0142a ze strony uznanego wydawnictwa zagranicznego.<\/li>\n<\/ul>\n\n\n\n<p>Nab\u00f3r wniosk\u00f3w w wymienionych powy\u017cej konkursach prowadzony jest w trybie ci\u0105g\u0142ym. Wi\u0119cej szczeg\u00f3\u0142\u00f3w znajd\u0105 Pa\u0144stwo&nbsp;<a href=\"http:\/\/www.fnp.org.pl\/oferta\/monografie\">na stronie internetowej FNP<\/a>.<\/p>\n\n\n\n<p><strong>PROGRAM START<\/strong><\/p>\n\n\n\n<p>Program skierowany jest do m\u0142odych, stoj\u0105cych u progu kariery badaczy, kt\u00f3rzy ju\u017c mog\u0105 wykaza\u0107 si\u0119 sukcesami w swojej dziedzinie nauki. Stypendia stanowi\u0105 dow\u00f3d uznania dla dotychczasowych osi\u0105gni\u0119\u0107 naukowych m\u0142odych uczonych i s\u0105 dla nich zach\u0119t\u0105 do dalszego rozwoju poprzez umo\u017cliwienie im pe\u0142nego po\u015bwi\u0119cenia si\u0119 pracy badawczej.<\/p>\n\n\n\n<p>O stypendia mog\u0105 si\u0119 ubiega\u0107 m\u0142odzi uczeni, kt\u00f3rzy:<\/p>\n\n\n\n<ul class=\"wp-block-list\">\n<li>nie przekroczyli wieku 30 lat w roku sk\u0142adania wniosku (lub 32 lat w przypadku kandydat\u00f3w, kt\u00f3rzy korzystali z urlop\u00f3w wychowawczych\/macierzy\u0144skich);<\/li>\n\n\n\n<li>s\u0105 pracownikami (ze stopniem naukowym magistra lub doktora) lub doktorantami w szkole wy\u017cszej lub innej krajowej instytucji, do kt\u00f3rej cel\u00f3w statutowych nale\u017cy prowadzenie bada\u0144 naukowych;<\/li>\n\n\n\n<li>maj\u0105 dorobek udokumentowany publikacjami (artyku\u0142y w uznanych periodykach naukowych lub pozycje ksi\u0105\u017ckowe).<\/li>\n<\/ul>\n\n\n\n<p>Podstaw\u0119 oceny kandydata stanowi jego dorobek naukowy oraz przedstawione plany badawcze. W ka\u017cdej&nbsp; Fundacja przyzna do 130 rocznych stypendi\u00f3w. Wysoko\u015b\u0107 rocznego stypendium wynosi obecnie&nbsp;<strong>28 tys. z\u0142.&nbsp;<\/strong><\/p>\n\n\n\n<p>Wszelkie informacje o Programie START znajd\u0105 Pa\u0144stwo na&nbsp;<a href=\"http:\/\/www.fnp.org.pl\/oferta\/start\/\" target=\"_blank\" rel=\"noreferrer noopener\">stronie FNP<\/a>.<\/p>\n","protected":false},"excerpt":{"rendered":"<p>Fundacja na rzecz Nauki Polskiej prowadzi nabory w ramach konkurs\u00f3w: Nab\u00f3r wniosk\u00f3w w wymienionych powy\u017cej konkursach prowadzony jest w trybie ci\u0105g\u0142ym. Wi\u0119cej szczeg\u00f3\u0142\u00f3w znajd\u0105 Pa\u0144stwo&nbsp;na stronie internetowej FNP. PROGRAM START Program skierowany jest do m\u0142odych, stoj\u0105cych u progu kariery badaczy, kt\u00f3rzy ju\u017c mog\u0105 wykaza\u0107 si\u0119 sukcesami w swojej dziedzinie nauki. Stypendia stanowi\u0105 dow\u00f3d uznania dla [&hellip;]<\/p>\n","protected":false},"author":1,"featured_media":4620,"parent":3670,"menu_order":8,"comment_status":"closed","ping_status":"closed","template":"page-templates\/template-sub-page.php","meta":{"_acf_changed":false,"inline_featured_image":false,"footnotes":"","_links_to":"","_links_to_target":""},"class_list":["post-3675","page","type-page","status-publish","has-post-thumbnail","hentry"],"acf":[],"_links":{"self":[{"href":"https:\/\/abm.uksw.edu.pl\/pl\/wp-json\/wp\/v2\/pages\/3675","targetHints":{"allow":["GET"]}}],"collection":[{"href":"https:\/\/abm.uksw.edu.pl\/pl\/wp-json\/wp\/v2\/pages"}],"about":[{"href":"https:\/\/abm.uksw.edu.pl\/pl\/wp-json\/wp\/v2\/types\/page"}],"author":[{"embeddable":true,"href":"https:\/\/abm.uksw.edu.pl\/pl\/wp-json\/wp\/v2\/users\/1"}],"replies":[{"embeddable":true,"href":"https:\/\/abm.uksw.edu.pl\/pl\/wp-json\/wp\/v2\/comments?post=3675"}],"version-history":[{"count":4,"href":"https:\/\/abm.uksw.edu.pl\/pl\/wp-json\/wp\/v2\/pages\/3675\/revisions"}],"predecessor-version":[{"id":20843,"href":"https:\/\/abm.uksw.edu.pl\/pl\/wp-json\/wp\/v2\/pages\/3675\/revisions\/20843"}],"up":[{"embeddable":true,"href":"https:\/\/abm.uksw.edu.pl\/pl\/wp-json\/wp\/v2\/pages\/3670"}],"wp:featuredmedia":[{"embeddable":true,"href":"https:\/\/abm.uksw.edu.pl\/pl\/wp-json\/wp\/v2\/media\/4620"}],"wp:attachment":[{"href":"https:\/\/abm.uksw.edu.pl\/pl\/wp-json\/wp\/v2\/media?parent=3675"}],"curies":[{"name":"wp","href":"https:\/\/api.w.org\/{rel}","templated":true}]}}