{"id":3673,"date":"2022-10-14T15:06:10","date_gmt":"2022-10-14T13:06:10","guid":{"rendered":"https:\/\/jednostki.uksw.edu.pl\/abm\/projekty-badawcze\/zrodla-krajowe\/ministerstwo-edukacji-i-nauki\/"},"modified":"2023-08-08T13:37:39","modified_gmt":"2023-08-08T11:37:39","slug":"ministerstwo-edukacji-i-nauki","status":"publish","type":"page","link":"https:\/\/abm.uksw.edu.pl\/projekty-badawcze\/zrodla-krajowe\/ministerstwo-edukacji-i-nauki\/","title":{"rendered":"Ministerstwo Edukacji i Nauki"},"content":{"rendered":"\n<h2 class=\"wp-block-heading\"><a>Narodowy Program Rozwoju Humanistyki<\/a><\/h2>\n\n\n\n<p>Narodowy Program Rozwoju Humanistyki zosta\u0142 ustanowiony przez Ministra Nauki i Szkolnictwa Wy\u017cszego dnia 8 listopada 2010 r. Celem Narodowego Programu Rozwoju Humanistyki jest zapewnienie rozwoju bada\u0144 humanistycznych o zasadniczym znaczeniu dla zachowania polskiej to\u017csamo\u015bci narodowej, w tym dotycz\u0105cych kultury narodowej, a tak\u017ce wsparcie dzia\u0142a\u0144 maj\u0105cych na celu upowszechnienie wynik\u00f3w polskich bada\u0144 humanistycznych i polskiej my\u015bli humanistycznej na \u015bwiecie.<\/p>\n\n\n\n<p>Program zapewni stabilne warunki dla realizacji i finansowania kluczowych, d\u0142ugoterminowych przedsi\u0119wzi\u0119\u0107 badawczych, edytorskich i dokumentacyjnych wymagaj\u0105cych tworzenia oraz utrzymania wysoko wyspecjalizowanych i stabilnych zespo\u0142\u00f3w badawczych.<\/p>\n\n\n\n<p>Program ma tak\u017ce zapewni\u0107 warunki dla rozwoju naukowego m\u0142odych humanist\u00f3w poprzez wspieranie projekt\u00f3w realizowanych przez doktorant\u00f3w oraz finansowanie stypendi\u00f3w doktorskich i post-doktorskich.<\/p>\n\n\n\n<p>Program obejmuje nast\u0119puj\u0105ce modu\u0142y:<\/p>\n\n\n\n<ul class=\"wp-block-list\">\n<li><a href=\"http:\/\/www.nauka.gov.pl\/komunikaty\/ogloszenie-konkursu-modulu-dziedzictwo-narodowe-w-ramach-nprh.html\">Modu\u0142 Dziedzictwo narodowe<\/a>&nbsp;&#8211; Przedmiotem konkursu jest opracowanie unikatowego zasobu \u017ar\u00f3d\u0142owego, istotnego dla polskiego dziedzictwa kulturowego, s\u0142u\u017c\u0105ce jego ochronie, upowszechnianiu oraz w\u0142\u0105czeniu do \u017cywej tradycji kultury narodowej.<\/li>\n\n\n\n<li><a href=\"http:\/\/www.nauka.gov.pl\/komunikaty\/ogloszenie-konkursu-modulu-uniwersalia-2-1-w-ramach-nprh.html\">Modu\u0142 Uniwersalia 2.1<\/a>&nbsp;&#8211; Przedmiotem konkursu jest finansowanie przek\u0142ad\u00f3w na j\u0119zyki kongresowe (z priorytetem j\u0119zyka angielskiego) najwa\u017cniejszych osi\u0105gni\u0119\u0107 polskiej humanistyki, obejmuj\u0105cych zar\u00f3wno dawne, jak i nowe osi\u0105gni\u0119cia nauk humanistycznych, w celu w\u0142\u0105czenia ich do mi\u0119dzynarodowego obiegu naukowego.<\/li>\n\n\n\n<li><a href=\"http:\/\/www.nauka.gov.pl\/komunikaty\/ogloszenie-konkursu-modulu-uniwersalia-2-2-w-ramach-nprh.html\">Modu\u0142 Uniwersalia 2.2<\/a>&nbsp;&#8211; Przedmiotem konkursu jest finansowanie projekt\u00f3w obejmuj\u0105cych wydania krytyczne (przek\u0142ady na j\u0119zyk polski i naukowe opracowania edytorskie) najwa\u017cniejszych dzie\u0142 nale\u017c\u0105cych do humanistyki \u015bwiatowej, w celu w\u0142\u0105czenia ich w obieg kultury narodowej.<\/li>\n\n\n\n<li><a href=\"http:\/\/www.nauka.gov.pl\/komunikaty\/konkurs-epoka-jagiellonska-i-jej-dziedzictwo-w-i-rzeczypospolitej-do-1795-roku-w-ramach-modulu-fundamenty-nprh.html\">Modu\u0142 Fundamenty<\/a>&nbsp;&#8211; Do konkursu mog\u0105 by\u0107 zg\u0142aszane wnioski o finansowanie projekt\u00f3w obejmuj\u0105cych zadania: 1. przyczyniaj\u0105ce si\u0119 do stworzenia fundament\u00f3w dla pog\u0142\u0119bionych i syntetycznych bada\u0144 nad problematyk\u0105 dziej\u00f3w Polski na prze\u0142omie \u015bredniowiecza i nowo\u017cytno\u015bci; 2. podejmuj\u0105ce problematyk\u0119 jagiello\u0144sk\u0105 w r\u00f3\u017cnych dziedzinach nauki oraz stwarzaj\u0105ce podstawy do wsp\u00f3\u0142pracy mi\u0119dzynarodowej; 3. tworz\u0105ce now\u0105 baz\u0119 dokumentacyjn\u0105 i \u017ar\u00f3d\u0142ow\u0105 pozwalaj\u0105c\u0105&nbsp; nada\u0107 badaniom nad epok\u0105 jagiello\u0144sk\u0105 now\u0105 jako\u015b\u0107 i przyczyniaj\u0105ce si\u0119&nbsp; do wy\u0142onienia nowych zespo\u0142\u00f3w badawczych.<\/li>\n<\/ul>\n\n\n\n<p>Szczeg\u00f3\u0142owe informacje o naborze wniosk\u00f3w w ramach Narodowego Programu Rozwoju Humanistyki znajd\u0105 Pa\u0144stwo na stronach <a href=\"https:\/\/www.gov.pl\/web\/nauka\/narodowy-program-rozwoju-humanistyki\">Ministerstwa Nauki i Szkolnictwa Wy\u017cszego<\/a>.<\/p>\n\n\n\n<h2 class=\"wp-block-heading\">Per\u0142y Nauki II<\/h2>\n\n\n\n<p>Przedmiotem programu jest wsparcie podmiot\u00f3w systemu szkolnictwa wy\u017cszego i nauki w tworzeniu wybitnie uzdolnionym absolwentom studi\u00f3w pierwszego stopnia lub studentom po uko\u0144czeniu trzeciego albo czwartego roku jednolitych studi\u00f3w magisterskich warunk\u00f3w rozwoju przez umo\u017cliwienie im prowadzenia bada\u0144 naukowych albo tw\u00f3rczo\u015bci artystycznej pod kierunkiem opiekuna naukowego albo artystycznego.<\/p>\n\n\n\n<p>Kierownikiem projektu mo\u017ce by\u0107:<\/p>\n\n\n\n<ul class=\"wp-block-list\">\n<li>absolwent studi\u00f3w pierwszego stopnia, kt\u00f3ry otrzyma\u0142 tytu\u0142 zawodowy licencjata, in\u017cyniera albo r\u00f3wnorz\u0119dny w roku poprzedzaj\u0105cym rok przeprowadzenia naboru wniosk\u00f3w w ramach programu;<\/li>\n\n\n\n<li>student jednolitych studi\u00f3w magisterskich, kt\u00f3ry w roku poprzedzaj\u0105cym rok przeprowadzenia naboru wniosk\u00f3w w ramach programu uko\u0144czy\u0142:\n<ul class=\"wp-block-list\">\n<li>trzeci rok studi\u00f3w \u2013 w przypadku studi\u00f3w trwaj\u0105cych nie d\u0142u\u017cej ni\u017c 11 semestr\u00f3w,<\/li>\n\n\n\n<li>czwarty rok studi\u00f3w \u2013 w przypadku studi\u00f3w trwaj\u0105cych nie kr\u00f3cej ni\u017c 12 semestr\u00f3w<\/li>\n<\/ul>\n<\/li>\n\n\n\n<li>i kontynuuje kszta\u0142cenie na tych studiach;<\/li>\n\n\n\n<li>posiadaj\u0105cy obywatelstwo polskie absolwent studi\u00f3w pierwszego stopnia uko\u0144czonych za granic\u0105 w roku poprzedzaj\u0105cym rok przeprowadzenia naboru wniosk\u00f3w w ramach program.<\/li>\n<\/ul>\n\n\n\n<p>Szczeg\u00f3\u0142owe informacje o naborze wniosk\u00f3w mo\u017cna znale\u017a\u0107 na\u00a0<a href=\"https:\/\/www.gov.pl\/web\/edukacja-i-nauka\/perly-nauki-ii\" target=\"_blank\" rel=\"noreferrer noopener\">stronie internetowej Ministerstwa Edukacji i Nauki<\/a>.<\/p>\n\n\n\n<h2 class=\"wp-block-heading\">Nauka dla spo\u0142ecze\u0144stwa<\/h2>\n\n\n\n<p>Celem programu Ministra Edukacji i Nauki jest wsparcie podmiot\u00f3w systemu szkolnictwa wy\u017cszego i nauki oraz innych instytucji dzia\u0142aj\u0105cych na rzecz upowszechniania nauki. Dofinansowaniem w wysoko\u015bci od 100 tys. do 2 mln z\u0142 mog\u0105 zosta\u0107 obj\u0119te projekty stawiaj\u0105ce na wsp\u00f3\u0142prac\u0119 instytucji naukowych z organizacjami pozarz\u0105dowymi, spo\u0142ecznymi i otoczeniem gospodarczym.<\/p>\n\n\n\n<p>Program obejmuje wsparcie finansowe projekt\u00f3w w trzech filarach:<\/p>\n\n\n\n<ul class=\"wp-block-list\">\n<li>Doskona\u0142o\u015b\u0107 naukowa \u2013 wsparcie projekt\u00f3w, kt\u00f3re maj\u0105 na celu m.in podnoszenie jako\u015bci bada\u0144 naukowych, podejmowanie nowych i wa\u017cnych dla rozwoju spo\u0142eczno-gospodarczego temat\u00f3w badawczych, umi\u0119dzynarodowienie polskiej nauki, zwi\u0119kszenie jej rozpoznawalno\u015bci i kszta\u0142towanie jej odbioru spo\u0142ecznego;<\/li>\n\n\n\n<li>Nauka dla innowacyjno\u015bci \u2013 wsparcie projekt\u00f3w zwi\u0119kszaj\u0105cych efektywno\u015b\u0107 wsp\u00f3\u0142pracy nauki z otoczeniem gospodarczym, wspieraj\u0105cych innowacyjno\u015b\u0107 oraz komercjalizacj\u0119 wynik\u00f3w bada\u0144 naukowych i prac rozwojowych, upowszechniaj\u0105cych wiedz\u0119 na temat zwi\u0105zk\u00f3w mi\u0119dzy nauk\u0105, innowacyjno\u015bci\u0105 i gospodark\u0105;<\/li>\n\n\n\n<li>Humanistyka \u2013 Spo\u0142ecze\u0144stwo \u2013 To\u017csamo\u015b\u0107 \u2013 wsparcie projekt\u00f3w popularyzuj\u0105cych innowacyjne i interdyscyplinarne badania w obszarze humanistyki, promuj\u0105cych postawy patriotyczne, tradycje narodowe i regionalne, a tak\u017ce badaj\u0105cych \u017ar\u00f3d\u0142a kultury polskiej w kraju i za granic\u0105.<\/li>\n<\/ul>\n\n\n\n<p><a href=\"https:\/\/www.gov.pl\/web\/edukacja-i-nauka\/nauka-dla-spoleczenstwa-ii\" target=\"_blank\" rel=\"noreferrer noopener\">Tre\u015b\u0107 komunikatu o ustanowieniu programu Nauka dla Spo\u0142ecze\u0144stwa II<\/a><\/p>\n\n\n\n<h2 class=\"wp-block-heading\">Spo\u0142eczna odpowiedzialno\u015b\u0107 nauki II \/ Doskona\u0142a nauka II<\/h2>\n\n\n\n<p>W ramach ww. program\u00f3w mo\u017cliwe jest uzyskanie finansowania na: wsparcie konferencji naukowych, wsparcie monografii naukowych (Doskona\u0142a Nauka), popularyzacja nauki i promocja sportu, wsparcie dla bibliotek naukowych (Spo\u0142eczna Odpowiedzialno\u015b\u0107 Nauki).<\/p>\n\n\n\n<p>Zasady naboru wniosk\u00f3w s\u0105 regulowane przez nast\u0119puj\u0105ce dokumenty:<\/p>\n\n\n\n<h3 class=\"wp-block-heading\">DOSKONA\u0141A NAUKA<\/h3>\n\n\n\n<ul class=\"wp-block-list\">\n<li><a href=\"https:\/\/www.gov.pl\/attachment\/b8d9e565-cc02-4384-a2d5-bf7e65568760\" target=\"_blank\" rel=\"noreferrer noopener\">Komunikat Ministra Edukacji i Nauki z dnia 31 stycznia 2023 r. o ustanowieniu programu pod nazw\u0105 \u201eDoskona\u0142a nauka II\u201d i naborze wniosk\u00f3w<\/a><\/li>\n<\/ul>\n\n\n\n<h3 class=\"wp-block-heading\">SPO\u0141ECZNA ODPOWIEDZIALNO\u015a\u0106 NAUKI<\/h3>\n\n\n\n<ul class=\"wp-block-list\">\n<li><a href=\"https:\/\/www.gov.pl\/attachment\/493a8219-ecf4-4e31-bbbf-8dad04cb3801\" target=\"_blank\" rel=\"noreferrer noopener\">Komunikat Ministra Edukacji i Nauki z dnia 31 stycznia 2023 r. o ustanowieniu programu pod nazw\u0105 \u201eSpo\u0142eczna odpowiedzialno\u015b\u0107 nauki II\u201d i naborze wniosk\u00f3w<\/a><\/li>\n<\/ul>\n","protected":false},"excerpt":{"rendered":"<p>Narodowy Program Rozwoju Humanistyki Narodowy Program Rozwoju Humanistyki zosta\u0142 ustanowiony przez Ministra Nauki i Szkolnictwa Wy\u017cszego dnia 8 listopada 2010 r. Celem Narodowego Programu Rozwoju Humanistyki jest zapewnienie rozwoju bada\u0144 humanistycznych o zasadniczym znaczeniu dla zachowania polskiej to\u017csamo\u015bci narodowej, w tym dotycz\u0105cych kultury narodowej, a tak\u017ce wsparcie dzia\u0142a\u0144 maj\u0105cych na celu upowszechnienie wynik\u00f3w polskich bada\u0144 [&hellip;]<\/p>\n","protected":false},"author":1,"featured_media":4615,"parent":3670,"menu_order":6,"comment_status":"closed","ping_status":"closed","template":"page-templates\/template-sub-page.php","meta":{"_acf_changed":false,"inline_featured_image":false,"footnotes":"","_links_to":"","_links_to_target":""},"class_list":["post-3673","page","type-page","status-publish","has-post-thumbnail","hentry"],"acf":[],"_links":{"self":[{"href":"https:\/\/abm.uksw.edu.pl\/pl\/wp-json\/wp\/v2\/pages\/3673","targetHints":{"allow":["GET"]}}],"collection":[{"href":"https:\/\/abm.uksw.edu.pl\/pl\/wp-json\/wp\/v2\/pages"}],"about":[{"href":"https:\/\/abm.uksw.edu.pl\/pl\/wp-json\/wp\/v2\/types\/page"}],"author":[{"embeddable":true,"href":"https:\/\/abm.uksw.edu.pl\/pl\/wp-json\/wp\/v2\/users\/1"}],"replies":[{"embeddable":true,"href":"https:\/\/abm.uksw.edu.pl\/pl\/wp-json\/wp\/v2\/comments?post=3673"}],"version-history":[{"count":6,"href":"https:\/\/abm.uksw.edu.pl\/pl\/wp-json\/wp\/v2\/pages\/3673\/revisions"}],"predecessor-version":[{"id":22216,"href":"https:\/\/abm.uksw.edu.pl\/pl\/wp-json\/wp\/v2\/pages\/3673\/revisions\/22216"}],"up":[{"embeddable":true,"href":"https:\/\/abm.uksw.edu.pl\/pl\/wp-json\/wp\/v2\/pages\/3670"}],"wp:featuredmedia":[{"embeddable":true,"href":"https:\/\/abm.uksw.edu.pl\/pl\/wp-json\/wp\/v2\/media\/4615"}],"wp:attachment":[{"href":"https:\/\/abm.uksw.edu.pl\/pl\/wp-json\/wp\/v2\/media?parent=3673"}],"curies":[{"name":"wp","href":"https:\/\/api.w.org\/{rel}","templated":true}]}}