{"id":3672,"date":"2022-10-14T15:06:09","date_gmt":"2022-10-14T13:06:09","guid":{"rendered":"https:\/\/jednostki.uksw.edu.pl\/abm\/projekty-badawcze\/zrodla-krajowe\/narodowe-centrum-nauki\/"},"modified":"2023-08-08T13:42:38","modified_gmt":"2023-08-08T11:42:38","slug":"narodowe-centrum-nauki","status":"publish","type":"page","link":"https:\/\/abm.uksw.edu.pl\/projekty-badawcze\/zrodla-krajowe\/narodowe-centrum-nauki\/","title":{"rendered":"Narodowe Centrum Nauki"},"content":{"rendered":"\n<p>Narodowe Centrum Nauki jest agencj\u0105 wykonawcz\u0105 powo\u0142an\u0105 do wspierania dzia\u0142alno\u015bci naukowej w zakresie&nbsp;<strong>bada\u0144 podstawowych<\/strong>, przez kt\u00f3re rozumiane s\u0105 oryginalne prace badawcze eksperymentalne lub teoretyczne podejmowane przede wszystkim w celu zdobywania nowej wiedzy o podstawach zjawisk i obserwowalnych fakt\u00f3w bez nastawienia na bezpo\u015brednie zastosowanie komercyjne..<\/p>\n\n\n\n<p>Narodowe Centrum Nauki organizuje nast\u0119puj\u0105ce konkursy na finansowanie dzia\u0142alno\u015bci naukowej w zakresie bada\u0144 podstawowych:<\/p>\n\n\n\n<ul class=\"wp-block-list\">\n<li><strong>OPUS<\/strong>&nbsp;&#8211; konkurs na finansowanie projekt\u00f3w badawczych, w tym finansowanie zakupu lub wytworzenia aparatury naukowo-badawczej niezb\u0119dnej do realizacji tych projekt\u00f3w.<\/li>\n\n\n\n<li><strong>PRELUDIUM<\/strong>&nbsp;&#8211; konkurs na finansowanie projekt\u00f3w badawczych, realizowanych przez osoby rozpoczynaj\u0105ce karier\u0119 naukow\u0105 nieposiadaj\u0105ce stopnia naukowego doktora.<\/li>\n\n\n\n<li><strong>SONATA<\/strong>&nbsp;&#8211; konkurs na finansowanie projekt\u00f3w badawczych, maj\u0105cych na celu stworzenie unikatowego warsztatu naukowego, realizowanych przez osoby rozpoczynaj\u0105ce karier\u0119 naukow\u0105 posiadaj\u0105ce stopie\u0144 naukowy doktora.<\/li>\n\n\n\n<li><strong>SONATINA<\/strong>&nbsp;&#8211; konkurs na projekty badawcze realizowane przez osoby rozpoczynaj\u0105ce karier\u0119 naukow\u0105 posiadaj\u0105ce stopie\u0144 naukowy doktora.<\/li>\n\n\n\n<li><strong>SONATA BIS<\/strong>&nbsp;&#8211; konkurs na finansowanie projekt\u00f3w badawczych, maj\u0105cych na celu powo\u0142anie nowego zespo\u0142u naukowego, realizowanych przez osoby posiadaj\u0105ce stopie\u0144 naukowy lub tytu\u0142 naukowy, kt\u00f3re uzyska\u0142y stopie\u0144 naukowy doktora w okresie od 2 do 12 lat przed rokiem wyst\u0105pienia z wnioskiem.<\/li>\n\n\n\n<li><strong>MINIATURA<\/strong>&nbsp;&#8211; na pojedyncze dzia\u0142ania naukowe.<\/li>\n\n\n\n<li><strong>MAESTRO<\/strong>&nbsp;&#8211; konkurs dla do\u015bwiadczonych naukowc\u00f3w na finansowanie projekt\u00f3w badawczych maj\u0105cych na celu realizacj\u0119 pionierskich bada\u0144 naukowych, w tym interdyscyplinarnych, wa\u017cnych dla rozwoju nauki, wykraczaj\u0105cych poza dotychczasowy stan wiedzy, i kt\u00f3rych efektem mog\u0105 by\u0107 odkrycia naukowe.<\/li>\n\n\n\n<li><strong>POLONEZ BIS<\/strong>&nbsp;&#8211; konkurs dla naukowc\u00f3w przyje\u017cd\u017caj\u0105cych z zagranicy, kt\u00f3rzy b\u0119d\u0105 prowadzili badania w Polsce.<\/li>\n<\/ul>\n\n\n\n<p><strong>Harmonogram naboru wniosk\u00f3w w Narodowym Centrum Nauki w 2023 r.<\/strong><\/p>\n\n\n\n<figure class=\"wp-block-image size-full\"><img loading=\"lazy\" decoding=\"async\" width=\"600\" height=\"432\" src=\"https:\/\/jednostki.uksw.edu.pl\/abm\/wp-content\/uploads\/sites\/56\/2023\/01\/harmonogram-2023_pl.png\" alt=\"\" class=\"wp-image-21754\" srcset=\"https:\/\/abm.uksw.edu.pl\/wp-content\/uploads\/sites\/56\/2023\/01\/harmonogram-2023_pl.png 600w, https:\/\/abm.uksw.edu.pl\/wp-content\/uploads\/sites\/56\/2023\/01\/harmonogram-2023_pl-300x216.png 300w, https:\/\/abm.uksw.edu.pl\/wp-content\/uploads\/sites\/56\/2023\/01\/harmonogram-2023_pl-391x282.png 391w\" sizes=\"auto, (max-width: 600px) 100vw, 600px\" \/><\/figure>\n\n\n\n<p>Przypominamy, \u017ce doktorant\u00f3w i pracownik\u00f3w UKSW obowi\u0105zuje wewn\u0119trzny termin sk\u0142adania wniosk\u00f3w. Zawsze o miesi\u0105c poprzedza on dat\u0119 zamkni\u0119cia konkursu.<\/p>\n\n\n\n<p>W celu unikni\u0119cia b\u0142\u0119d\u00f3w formalnych we wnioskach sk\u0142adanych przez Pa\u0144stwa w ramach konkurs\u00f3w organizowanych przez Narodowe Centrum Nauki prosimy skorzysta\u0107 z&nbsp;<a href=\"https:\/\/jednostki.uksw.edu.pl\/abm\/\/wp-content\/uploads\/sites\/56\/2022\/10\/FORMULARZ-DANYCH-JEDNOSTKI.pdf\" data-type=\"URL\" data-id=\"https:\/\/jednostki.uksw.edu.pl\/abm\/\/wp-content\/uploads\/sites\/56\/2022\/10\/FORMULARZ-DANYCH-JEDNOSTKI.pdf\"><strong>formularza danych jednostki<\/strong><\/a>&nbsp;oraz&nbsp;<strong><a href=\"https:\/\/jednostki.uksw.edu.pl\/abm\/node\/38\">informacji do wniosk\u00f3w<\/a>.<\/strong>&nbsp;Zach\u0119camy tak\u017ce do zapoznania si\u0119 z&nbsp;<strong><a href=\"https:\/\/jednostki.uksw.edu.pl\/abm\/node\/29\">instrukcjami przygotowania wniosk\u00f3w<\/a>.<\/strong><\/p>\n\n\n\n<p>Polecamy tak\u017ce opracowan\u0105 w Biurze ds. Bada\u0144 Naukowych publikacj\u0119 pt. &#8222;Analiza tre\u015bci recenzji wniosk\u00f3w sk\u0142adanych do Narodowego Centrum Nauki&#8221;. Powsta\u0142a ona w oparciu o recenzje wniosk\u00f3w sk\u0142adanych do NCN przez doktorant\u00f3w i pracownik\u00f3w Uniwersytetu Kardyna\u0142a Stefana Wyszy\u0144skiego w Warszawie w latach 2011-2014. Publikacj\u0119 mo\u017cna pobra\u0107&nbsp;<a href=\"http:\/\/jednostki.uksw.edu.pl\/abm\/node\/191\">klikaj\u0105c w ten link<\/a>.<\/p>\n\n\n\n<p>Zach\u0119camy tak\u017ce do lekury publikacji &#8222;Wnioski grantowe bez tajemnic&#8221;<\/p>\n\n\n\r\n<div class=\"\">\r\n\r\n\r\n<div class=\"row\">\r\n\r\n  \r\n<div class=\"col-xl-12 col-lg-12 col-md-12 col-sm-12 \">\r\n\t\t<div class=\"download_detils\">\r\n\t\t\t<a href=\"https:\/\/abm.uksw.edu.pl\/wp-content\/uploads\/sites\/56\/2022\/10\/wnioski_grantowe_bez_tajemnic.pdf\"  target=\"_blank\" >\r\n\t\t\t<img decoding=\"async\" src=\"https:\/\/abm.uksw.edu.pl\/wp-content\/themes\/uksw\/images\/import.svg\" alt=\"\"> Wnioski grantowe bez tajemnic [PDF,  0.91 MB]<\/a>\r\n\t\t<\/div>\r\n<\/div>\r\n\r\n\r\n\t\t\r\n<div class=\"col-xl-12 col-lg-12 col-md-12 col-sm-12 \">\r\n\t\t<div class=\"download_detils\">\r\n\t\t\t<a href=\"https:\/\/abm.uksw.edu.pl\/wp-content\/uploads\/sites\/56\/2022\/10\/wnioski_grantowe_bez_tajemnic.epub\"  title=\"Wnioski grantowe bez tajemnic\" download >\r\n\t\t\t<img decoding=\"async\" src=\"https:\/\/abm.uksw.edu.pl\/wp-content\/themes\/uksw\/images\/import.svg\" alt=\"\"> Wnioski grantowe bez tajemnic [EPUB,  0.76 MB]<\/a>\r\n\t\t<\/div>\r\n<\/div>\r\n\r\n\r\n\t\t\r\n\t\t \r\n\r\n<\/div>\r\n<\/div>\r\n<div class=\"space20\"><\/div>\r\n\r\n\n\n\n<p>Publikacja powsta\u0142a w ramach stypendium z W\u0142asnego Funduszu Stypendialnego dla student\u00f3w, doktorant\u00f3w i pracownik\u00f3w UKSW umowa nr WFS-53\/2016.<\/p>\n\n\n\n<p>Poni\u017cej dost\u0119pne s\u0105 materia\u0142y&nbsp; z zaj\u0119\u0107 dydaktycznych, kt\u00f3re powsta\u0142y w oparciu o powy\u017csz\u0105 publikacj\u0119:<\/p>\n\n\n\r\n<div class=\"\">\r\n\r\n\r\n<div class=\"row\">\r\n\r\n  \r\n<div class=\"col-xl-12 col-lg-12 col-md-12 col-sm-12 \">\r\n\t\t<div class=\"download_detils\">\r\n\t\t\t<a href=\"https:\/\/abm.uksw.edu.pl\/wp-content\/uploads\/sites\/56\/2022\/10\/zajecia1.pdf\"  target=\"_blank\" >\r\n\t\t\t<img decoding=\"async\" src=\"https:\/\/abm.uksw.edu.pl\/wp-content\/themes\/uksw\/images\/import.svg\" alt=\"\"> Zaj\u0119cia 1 [PDF,  2.83 MB]<\/a>\r\n\t\t<\/div>\r\n<\/div>\r\n\r\n\r\n\t\t\r\n<div class=\"col-xl-12 col-lg-12 col-md-12 col-sm-12 \">\r\n\t\t<div class=\"download_detils\">\r\n\t\t\t<a href=\"https:\/\/abm.uksw.edu.pl\/wp-content\/uploads\/sites\/56\/2022\/10\/zajecia2.pdf\"  target=\"_blank\" >\r\n\t\t\t<img decoding=\"async\" src=\"https:\/\/abm.uksw.edu.pl\/wp-content\/themes\/uksw\/images\/import.svg\" alt=\"\"> Zaj\u0119cia 2 [PDF,  0.69 MB]<\/a>\r\n\t\t<\/div>\r\n<\/div>\r\n\r\n\r\n\t\t\r\n<div class=\"col-xl-12 col-lg-12 col-md-12 col-sm-12 \">\r\n\t\t<div class=\"download_detils\">\r\n\t\t\t<a href=\"https:\/\/abm.uksw.edu.pl\/wp-content\/uploads\/sites\/56\/2022\/10\/zajecia3.pdf\"  target=\"_blank\" >\r\n\t\t\t<img decoding=\"async\" src=\"https:\/\/abm.uksw.edu.pl\/wp-content\/themes\/uksw\/images\/import.svg\" alt=\"\"> Zaj\u0119cia 3 [PDF,  0.33 MB]<\/a>\r\n\t\t<\/div>\r\n<\/div>\r\n\r\n\r\n\t\t\r\n<div class=\"col-xl-12 col-lg-12 col-md-12 col-sm-12 \">\r\n\t\t<div class=\"download_detils\">\r\n\t\t\t<a href=\"https:\/\/abm.uksw.edu.pl\/wp-content\/uploads\/sites\/56\/2022\/10\/zajecia4.pdf\"  target=\"_blank\" >\r\n\t\t\t<img decoding=\"async\" src=\"https:\/\/abm.uksw.edu.pl\/wp-content\/themes\/uksw\/images\/import.svg\" alt=\"\"> Zaj\u0119cia 4 [PDF,  0.24 MB]<\/a>\r\n\t\t<\/div>\r\n<\/div>\r\n\r\n\r\n\t\t\r\n<div class=\"col-xl-12 col-lg-12 col-md-12 col-sm-12 \">\r\n\t\t<div class=\"download_detils\">\r\n\t\t\t<a href=\"https:\/\/abm.uksw.edu.pl\/wp-content\/uploads\/sites\/56\/2022\/10\/zajecia5.pdf\"  target=\"_blank\" >\r\n\t\t\t<img decoding=\"async\" src=\"https:\/\/abm.uksw.edu.pl\/wp-content\/themes\/uksw\/images\/import.svg\" alt=\"\"> Zaj\u0119cia 5 [PDF,  0.45 MB]<\/a>\r\n\t\t<\/div>\r\n<\/div>\r\n\r\n\r\n\t\t\r\n\t\t \r\n\r\n<\/div>\r\n<\/div>\r\n<div class=\"space20\"><\/div>\r\n\r\n\n\n\n<p>Zach\u0119camy tak\u017ce do lekury publikacji &#8222;Jak zdoby\u0107 granty na badania naukowe&#8221;<\/p>\n\n\n\r\n<div class=\"\">\r\n\r\n\r\n<div class=\"row\">\r\n\r\n  \r\n<div class=\"col-xl-12 col-lg-12 col-md-12 col-sm-12 \">\r\n\t\t<div class=\"download_detils\">\r\n\t\t\t<a href=\"https:\/\/abm.uksw.edu.pl\/wp-content\/uploads\/sites\/56\/2022\/10\/jak_zdobyc_granty_na_badania_naukowe.pdf\"  target=\"_blank\" >\r\n\t\t\t<img decoding=\"async\" src=\"https:\/\/abm.uksw.edu.pl\/wp-content\/themes\/uksw\/images\/import.svg\" alt=\"\"> Jak zdoby\u0107 granty na badania naukowe [PDF,  0.63 MB]<\/a>\r\n\t\t<\/div>\r\n<\/div>\r\n\r\n\r\n\t\t\r\n<div class=\"col-xl-12 col-lg-12 col-md-12 col-sm-12 \">\r\n\t\t<div class=\"download_detils\">\r\n\t\t\t<a href=\"https:\/\/abm.uksw.edu.pl\/wp-content\/uploads\/sites\/56\/2022\/10\/jak_zdobyc_granty_na_badania_naukowe.epub\"  title=\"Jak zdoby\u0107 granty na badania naukowe\" download >\r\n\t\t\t<img decoding=\"async\" src=\"https:\/\/abm.uksw.edu.pl\/wp-content\/themes\/uksw\/images\/import.svg\" alt=\"\"> Jak zdoby\u0107 granty na badania naukowe [EPUB,  0.90 MB]<\/a>\r\n\t\t<\/div>\r\n<\/div>\r\n\r\n\r\n\t\t\r\n<div class=\"col-xl-12 col-lg-12 col-md-12 col-sm-12 \">\r\n\t\t<div class=\"download_detils\">\r\n\t\t\t<a href=\"https:\/\/abm.uksw.edu.pl\/wp-content\/uploads\/sites\/56\/2022\/10\/jak_zdobyc_granty_na_badania_naukowe.mobi\"  title=\"Jak zdoby\u0107 granty na badania naukowe\" download >\r\n\t\t\t<img decoding=\"async\" src=\"https:\/\/abm.uksw.edu.pl\/wp-content\/themes\/uksw\/images\/import.svg\" alt=\"\"> Jak zdoby\u0107 granty na badania naukowe [MOBI,  1.91 MB]<\/a>\r\n\t\t<\/div>\r\n<\/div>\r\n\r\n\r\n\t\t\r\n\t\t \r\n\r\n<\/div>\r\n<\/div>\r\n<div class=\"space20\"><\/div>\r\n\r\n\n\n\n<p>Zach\u0119camy r\u00f3wnie\u017c do zapoznania si\u0119 z kursem audio pn.&nbsp;<a href=\"https:\/\/jednostki.uksw.edu.pl\/abm\/Kurs_granty_badawcze_krok_po_kroku\">&#8222;Granty badawcze krok po kroku&#8221;.<\/a><\/p>\n\n\n\n<p>Wszelkie informacje o konkursach organizowanych przez Narodowe Centrum Nauki znajd\u0105 Pa\u0144stwo na stronie&nbsp;<a href=\"http:\/\/ncn.gov.pl\/finansowanie-nauki\/konkursy\" target=\"_blank\" rel=\"noreferrer noopener\">www.ncn.gov.pl<\/a>.<\/p>\n\n\n\r\n<div class=\"\">\r\n\r\n\r\n<div class=\"row\">\r\n\r\n  \r\n<div class=\"col-xl-12 col-lg-12 col-md-12 col-sm-12 \">\r\n\t\t<div class=\"download_detils\">\r\n\t\t\t<a href=\"https:\/\/abm.uksw.edu.pl\/wp-content\/uploads\/sites\/56\/2022\/10\/ncn_rady.pdf\"  target=\"_blank\" >\r\n\t\t\t<img decoding=\"async\" src=\"https:\/\/abm.uksw.edu.pl\/wp-content\/themes\/uksw\/images\/import.svg\" alt=\"\"> Dziesi\u0119\u0107 rad &#8211; jak nie pope\u0142ni\u0107 b\u0142\u0119du we wniosku do Narodowego Centrum\nNauki [PDF,  0.38 MB]<\/a>\r\n\t\t<\/div>\r\n<\/div>\r\n\r\n\r\n\t\t\r\n\t\t \r\n\r\n<\/div>\r\n<\/div>\r\n<div class=\"space20\"><\/div>\r\n\r\n\n\n\n<h2 class=\"wp-block-heading\">Masz pytanie dotycz\u0105ce konkursu? <\/h2>\n\n\n\n<p><a href=\"mailto:nauka@uksw.edu.pl\"><strong>Napisz do BBN<\/strong><\/a><\/p>\n","protected":false},"excerpt":{"rendered":"<p>Narodowe Centrum Nauki jest agencj\u0105 wykonawcz\u0105 powo\u0142an\u0105 do wspierania dzia\u0142alno\u015bci naukowej w zakresie&nbsp;bada\u0144 podstawowych, przez kt\u00f3re rozumiane s\u0105 oryginalne prace badawcze eksperymentalne lub teoretyczne podejmowane przede wszystkim w celu zdobywania nowej wiedzy o podstawach zjawisk i obserwowalnych fakt\u00f3w bez nastawienia na bezpo\u015brednie zastosowanie komercyjne.. Narodowe Centrum Nauki organizuje nast\u0119puj\u0105ce konkursy na finansowanie dzia\u0142alno\u015bci naukowej w [&hellip;]<\/p>\n","protected":false},"author":1,"featured_media":4613,"parent":3670,"menu_order":5,"comment_status":"closed","ping_status":"closed","template":"page-templates\/template-sub-page.php","meta":{"_acf_changed":false,"inline_featured_image":false,"footnotes":"","_links_to":"","_links_to_target":""},"class_list":["post-3672","page","type-page","status-publish","has-post-thumbnail","hentry"],"acf":[],"_links":{"self":[{"href":"https:\/\/abm.uksw.edu.pl\/pl\/wp-json\/wp\/v2\/pages\/3672","targetHints":{"allow":["GET"]}}],"collection":[{"href":"https:\/\/abm.uksw.edu.pl\/pl\/wp-json\/wp\/v2\/pages"}],"about":[{"href":"https:\/\/abm.uksw.edu.pl\/pl\/wp-json\/wp\/v2\/types\/page"}],"author":[{"embeddable":true,"href":"https:\/\/abm.uksw.edu.pl\/pl\/wp-json\/wp\/v2\/users\/1"}],"replies":[{"embeddable":true,"href":"https:\/\/abm.uksw.edu.pl\/pl\/wp-json\/wp\/v2\/comments?post=3672"}],"version-history":[{"count":20,"href":"https:\/\/abm.uksw.edu.pl\/pl\/wp-json\/wp\/v2\/pages\/3672\/revisions"}],"predecessor-version":[{"id":22220,"href":"https:\/\/abm.uksw.edu.pl\/pl\/wp-json\/wp\/v2\/pages\/3672\/revisions\/22220"}],"up":[{"embeddable":true,"href":"https:\/\/abm.uksw.edu.pl\/pl\/wp-json\/wp\/v2\/pages\/3670"}],"wp:featuredmedia":[{"embeddable":true,"href":"https:\/\/abm.uksw.edu.pl\/pl\/wp-json\/wp\/v2\/media\/4613"}],"wp:attachment":[{"href":"https:\/\/abm.uksw.edu.pl\/pl\/wp-json\/wp\/v2\/media?parent=3672"}],"curies":[{"name":"wp","href":"https:\/\/api.w.org\/{rel}","templated":true}]}}