{"id":22704,"date":"2024-08-09T13:16:29","date_gmt":"2024-08-09T11:16:29","guid":{"rendered":"https:\/\/abm.uksw.edu.pl\/?page_id=22704"},"modified":"2024-10-21T16:13:22","modified_gmt":"2024-10-21T14:13:22","slug":"program-studiow","status":"publish","type":"page","link":"https:\/\/abm.uksw.edu.pl\/strona-glowna\/studia\/zdrowie-publiczne-i-zdrowie-miedzynarodowe\/program-studiow\/","title":{"rendered":"Program studi\u00f3w"},"content":{"rendered":"\n<p>Program studi\u00f3w podyplomowych <em>Zdrowie publiczne i zdrowie mi\u0119dzynarodowe <\/em>jest podzielony na trzy modu\u0142y: kluczowe wyzwania zdrowia publicznego i zdrowia mi\u0119dzynarodowego, monitorowanie stanu zdrowia ludno\u015bci i reagowanie na sytuacje kryzysowe oraz innowacyjne narz\u0119dzia ochrony zdrowia publicznego. W trakcie dw\u00f3ch semestr\u00f3w studenci zrealizuj\u0105 168 godzin zaj\u0119\u0107. Szczeg\u00f3\u0142owy program studi\u00f3w stanowi <a href=\"https:\/\/monitor.uksw.edu.pl\/docs\/7532\">Za\u0142\u0105cznik do Uchwa\u0142y Nr 41\/2024 Senatu UKSW z dnia 23 maja 2024 r.<\/a><\/p>\n\n\n\n<div data-wp-interactive=\"core\/file\" class=\"wp-block-file\"><object data-wp-bind--hidden=\"!state.hasPdfPreview\" hidden class=\"wp-block-file__embed\" data=\"https:\/\/abm.uksw.edu.pl\/wp-content\/uploads\/sites\/56\/2024\/10\/program_zdrowie.pdf\" type=\"application\/pdf\" style=\"width:100%;height:600px\" aria-label=\"Osadzone z program_zdrowie.\"><\/object><a id=\"wp-block-file--media-3c135c9b-279a-4026-be1c-8614b2a9f2d9\" href=\"https:\/\/abm.uksw.edu.pl\/wp-content\/uploads\/sites\/56\/2024\/10\/program_zdrowie.pdf\">program_zdrowie<\/a><a href=\"https:\/\/abm.uksw.edu.pl\/wp-content\/uploads\/sites\/56\/2024\/10\/program_zdrowie.pdf\" class=\"wp-block-file__button wp-element-button\" download aria-describedby=\"wp-block-file--media-3c135c9b-279a-4026-be1c-8614b2a9f2d9\">Pobierz<\/a><\/div>\n","protected":false},"excerpt":{"rendered":"<p>Program studi\u00f3w podyplomowych Zdrowie publiczne i zdrowie mi\u0119dzynarodowe jest podzielony na trzy modu\u0142y: kluczowe wyzwania zdrowia publicznego i zdrowia mi\u0119dzynarodowego, monitorowanie stanu zdrowia ludno\u015bci i reagowanie na sytuacje kryzysowe oraz innowacyjne narz\u0119dzia ochrony zdrowia publicznego. W trakcie dw\u00f3ch semestr\u00f3w studenci zrealizuj\u0105 168 godzin zaj\u0119\u0107. Szczeg\u00f3\u0142owy program studi\u00f3w stanowi Za\u0142\u0105cznik do Uchwa\u0142y Nr 41\/2024 Senatu UKSW [&hellip;]<\/p>\n","protected":false},"author":623,"featured_media":0,"parent":22686,"menu_order":0,"comment_status":"closed","ping_status":"closed","template":"page-templates\/template-sub-page.php","meta":{"_acf_changed":false,"inline_featured_image":false,"footnotes":"","_links_to":"","_links_to_target":""},"class_list":["post-22704","page","type-page","status-publish","hentry"],"acf":[],"_links":{"self":[{"href":"https:\/\/abm.uksw.edu.pl\/pl\/wp-json\/wp\/v2\/pages\/22704","targetHints":{"allow":["GET"]}}],"collection":[{"href":"https:\/\/abm.uksw.edu.pl\/pl\/wp-json\/wp\/v2\/pages"}],"about":[{"href":"https:\/\/abm.uksw.edu.pl\/pl\/wp-json\/wp\/v2\/types\/page"}],"author":[{"embeddable":true,"href":"https:\/\/abm.uksw.edu.pl\/pl\/wp-json\/wp\/v2\/users\/623"}],"replies":[{"embeddable":true,"href":"https:\/\/abm.uksw.edu.pl\/pl\/wp-json\/wp\/v2\/comments?post=22704"}],"version-history":[{"count":3,"href":"https:\/\/abm.uksw.edu.pl\/pl\/wp-json\/wp\/v2\/pages\/22704\/revisions"}],"predecessor-version":[{"id":22849,"href":"https:\/\/abm.uksw.edu.pl\/pl\/wp-json\/wp\/v2\/pages\/22704\/revisions\/22849"}],"up":[{"embeddable":true,"href":"https:\/\/abm.uksw.edu.pl\/pl\/wp-json\/wp\/v2\/pages\/22686"}],"wp:attachment":[{"href":"https:\/\/abm.uksw.edu.pl\/pl\/wp-json\/wp\/v2\/media?parent=22704"}],"curies":[{"name":"wp","href":"https:\/\/api.w.org\/{rel}","templated":true}]}}