{"id":22693,"date":"2024-08-09T11:47:16","date_gmt":"2024-08-09T09:47:16","guid":{"rendered":"https:\/\/abm.uksw.edu.pl\/?page_id=22693"},"modified":"2024-08-09T11:49:02","modified_gmt":"2024-08-09T09:49:02","slug":"zasady-rekrutacji","status":"publish","type":"page","link":"https:\/\/abm.uksw.edu.pl\/strona-glowna\/rekrutacja\/zasady-rekrutacji\/","title":{"rendered":"Zasady rekrutacji"},"content":{"rendered":"\n<p>Na studia podyplomowe przyj\u0119ci zostan\u0105 kandydaci, kt\u00f3rzy zostali zrekrutowani przez Organizatora studi\u00f3w podyplomowych w oparciu o przyj\u0119ty przez niego Regulamin rekrutacji, kt\u00f3rzy spe\u0142ni\u0105 nast\u0119puj\u0105ce warunki:<\/p>\n\n\n\n<ul class=\"wp-block-list\">\n<li>s\u0105 osobami, kt\u00f3re <strong>dobrowolnie zadeklarowa\u0142y ch\u0119\u0107 uczestnictwa<\/strong> w studiach podyplomowych, tzn. nie zosta\u0142y delegowane przez pracodawc\u0119 do uczestnictwa w studiach;<\/li>\n\n\n\n<li>s\u0105 absolwentami studi\u00f3w I lub II stopnia lub jednolitych studi\u00f3w magisterskich, w tym w przypadku studi\u00f3w podyplomowych &#8222;Nowoczesna farmacja i farmakologia kliniczna z elementami zintegrowanej opieki farmaceutycznej&#8221; s\u0105 absolwentami studi\u00f3w na kierunku farmacja;<\/li>\n\n\n\n<li>s\u0105 zatrudnionymi w sektorze biomedycznym: pracownikami podmiot\u00f3w leczniczych w rozumieniu ustawy z dnia 15 kwietnia 2011 r. o dzia\u0142alno\u015bci leczniczej, lub osobami wykonuj\u0105cymi zaw\u00f3d medyczny, lub osobami zatrudnionymi w przedsi\u0119biorstwach o profilu farmaceutycznym, wyrob\u00f3w medycznych, rozwi\u0105za\u0144 IT dla sektora ochrony zdrowia, bada\u0144 klinicznych, biotechnologicznym \u2013 niezale\u017cnie od formy zatrudnienia, lub pracownikami uczelni wy\u017cszych o profilu biomedycznym, lub pracownikami administracji systemu ochrony zdrowia i obszaru zdrowia publicznego, z wy\u0142\u0105czeniem pracownik\u00f3w Agencji Bada\u0144 Medycznych;<\/li>\n\n\n\n<li>s\u0105 osobami, kt\u00f3rych <strong>do\u015bwiadczenie zawodowe<\/strong> wynosi minimum jeden rok, w tym w przypadku studi\u00f3w podyplomowych &#8222;Nowoczesna farmacja i farmakologia kliniczna z elementami zintegrowanej opieki farmaceutycznej&#8221; do\u015bwiadczenie, o kt\u00f3rym mowa dotyczy sektora farmaceutycznego; w przypadku studi\u00f3w MBA w ochronie zdrowia do\u015bwiadczenie zawodowe wynosi minimum 5 lat;<\/li>\n\n\n\n<li><strong>zarejestrowali si\u0119 w systemie Internetowej Rejestracji Kandydat\u00f3w <\/strong>(www.irk.uksw.edu.pl) i wgrali do systemu wymagane dokumenty: skan dyplomu uko\u0144czenia studi\u00f3w wy\u017cszych, w tym w przypadku kandydat\u00f3w na studia podyplomowe &#8222;Nowoczesna farmacja i farmakologia kliniczna z elementami zintegrowanej opieki farmaceutycznej&#8221; dyplom potwierdzaj\u0105cy uzyskanie tytu\u0142u magistra farmacji; CV, a w przypadku studi\u00f3w MBA dodatkowo list motywacyjny; zdj\u0119cie (format taki, jak do dowodu osobistego).<\/li>\n\n\n\n<li>dostarczyli <strong>wymagan\u0105 dokumentacj\u0119<\/strong>: kwestionariusz osobowy drukowany z IRK; dyplom uko\u0144czenia studi\u00f3w wy\u017cszych \u2013 do wgl\u0105du orygina\u0142 dyplomu; CV, a w przypadku studi\u00f3w MBA dodatkowo list motywacyjny; o\u015bwiadczenie o co najmniej rocznym\/pi\u0119cioletnim do\u015bwiadczeniu zawodowym kandydata; o\u015bwiadczenie o zatrudnieniu w sektorze biomedycznym; w przypadku innego nazwiska na dyplomie oraz dowodzie osobistym \u2013 do wgl\u0105du dokument po\u015bwiadczaj\u0105cy zmian\u0119 nazwiska.<\/li>\n<\/ul>\n\n\n\n<p>O przyj\u0119ciu na studia podyplomowe decyduje kolejno\u015b\u0107 zg\u0142osze\u0144 (dzie\u0144 zg\u0142oszenia) oraz wype\u0142nienie wskazanych wy\u017cej wymaga\u0144. Decyzj\u0119 o przyj\u0119ciu na studia podyplomowe podejmuje Kierownik danych studi\u00f3w podyplomowych. Na ka\u017cde studia podyplomowe zostanie przyj\u0119tych maksymalnie 30 os\u00f3b.<\/p>\n","protected":false},"excerpt":{"rendered":"<p>Na studia podyplomowe przyj\u0119ci zostan\u0105 kandydaci, kt\u00f3rzy zostali zrekrutowani przez Organizatora studi\u00f3w podyplomowych w oparciu o przyj\u0119ty przez niego Regulamin rekrutacji, kt\u00f3rzy spe\u0142ni\u0105 nast\u0119puj\u0105ce warunki: O przyj\u0119ciu na studia podyplomowe decyduje kolejno\u015b\u0107 zg\u0142osze\u0144 (dzie\u0144 zg\u0142oszenia) oraz wype\u0142nienie wskazanych wy\u017cej wymaga\u0144. Decyzj\u0119 o przyj\u0119ciu na studia podyplomowe podejmuje Kierownik danych studi\u00f3w podyplomowych. Na ka\u017cde studia podyplomowe [&hellip;]<\/p>\n","protected":false},"author":623,"featured_media":0,"parent":22691,"menu_order":0,"comment_status":"closed","ping_status":"closed","template":"page-templates\/template-sub-page.php","meta":{"_acf_changed":false,"inline_featured_image":false,"footnotes":"","_links_to":"","_links_to_target":""},"class_list":["post-22693","page","type-page","status-publish","hentry"],"acf":[],"_links":{"self":[{"href":"https:\/\/abm.uksw.edu.pl\/pl\/wp-json\/wp\/v2\/pages\/22693","targetHints":{"allow":["GET"]}}],"collection":[{"href":"https:\/\/abm.uksw.edu.pl\/pl\/wp-json\/wp\/v2\/pages"}],"about":[{"href":"https:\/\/abm.uksw.edu.pl\/pl\/wp-json\/wp\/v2\/types\/page"}],"author":[{"embeddable":true,"href":"https:\/\/abm.uksw.edu.pl\/pl\/wp-json\/wp\/v2\/users\/623"}],"replies":[{"embeddable":true,"href":"https:\/\/abm.uksw.edu.pl\/pl\/wp-json\/wp\/v2\/comments?post=22693"}],"version-history":[{"count":1,"href":"https:\/\/abm.uksw.edu.pl\/pl\/wp-json\/wp\/v2\/pages\/22693\/revisions"}],"predecessor-version":[{"id":22694,"href":"https:\/\/abm.uksw.edu.pl\/pl\/wp-json\/wp\/v2\/pages\/22693\/revisions\/22694"}],"up":[{"embeddable":true,"href":"https:\/\/abm.uksw.edu.pl\/pl\/wp-json\/wp\/v2\/pages\/22691"}],"wp:attachment":[{"href":"https:\/\/abm.uksw.edu.pl\/pl\/wp-json\/wp\/v2\/media?parent=22693"}],"curies":[{"name":"wp","href":"https:\/\/api.w.org\/{rel}","templated":true}]}}