{"id":22688,"date":"2024-08-09T11:39:35","date_gmt":"2024-08-09T09:39:35","guid":{"rendered":"https:\/\/abm.uksw.edu.pl\/?page_id=22688"},"modified":"2026-02-06T12:31:16","modified_gmt":"2026-02-06T11:31:16","slug":"mba-w-ochronie-zdrowia","status":"publish","type":"page","link":"https:\/\/abm.uksw.edu.pl\/strona-glowna\/studia\/mba-w-ochronie-zdrowia\/","title":{"rendered":"MBA w ochronie zdrowia"},"content":{"rendered":"\n<p><strong>Studia podyplomowe MBA w ochronie zdrowia<\/strong> to doskona\u0142a inwestycja w rozw\u00f3j zawodowy. Program \u0142\u0105czy teori\u0119 z praktyk\u0105, przygotowuj\u0105c absolwent\u00f3w do obj\u0119cia stanowisk kierowniczych w plac\u00f3wkach medycznych. Dzi\u0119ki wiedzy z zakresu zarz\u0105dzania, finans\u00f3w i bada\u0144 klinicznych, absolwenci s\u0105 przygotowani do podejmowania decyzji w dynamicznym \u015brodowisku ochrony zdrowia. Zaj\u0119cia prowadzone s\u0105 przez do\u015bwiadczonych wyk\u0142adowc\u00f3w i praktyk\u00f3w, co gwarantuje wysok\u0105 jako\u015b\u0107 kszta\u0142cenia. Program studi\u00f3w obejmuje szeroki zakres zagadnie\u0144, od zarz\u0105dzania finansami i kadrami, poprzez marketing i prawo medyczne, a\u017c po najnowsze trendy w ochronie zdrowia.<\/p>\n\n\n\n<p><strong>Studia s\u0105 bezp\u0142atne, pod warunkiem ich uko\u0144czenia.<\/strong><\/p>\n\n\n\r\n<div class=\"\">\r\n\r\n<div class=\"page_heading\"> <img decoding=\"async\" src=\"https:\/\/abm.uksw.edu.pl\/wp-content\/themes\/uksw\/images\/note-2_white.svg\" alt=\"\"> Wybierz interesuj\u0105cy Ci\u0119 dzia\u0142:<\/div>\r\n<div class=\"candidate_box_sec\">\r\n<div class=\"row\">\r\n\r\n        \r\n                               \r\n                            <div class=\"col-xl-4 col-lg-6 col-md-12 col-sm-12 \">\r\n                                <a href=\"https:\/\/irk.uksw.edu.pl\/pl\/offer\/ABM_PDPL_24_25\/\" target='_blank' class=\"project\" >\r\n                                    <div class=\"candidate_box project_box\">\r\n                                        <div class=\"candidate_box_title\">Zapisz<\/div>\r\n                                                                                <div class=\"candidate_box_sub_title\">si\u0119 na studia<\/div>\r\n                                                                                <img decoding=\"async\" src=\"https:\/\/abm.uksw.edu.pl\/wp-content\/themes\/uksw\/images\/arrow_more1.svg\" alt=\"\">  \r\n                                    <\/div>\r\n                                <\/a>   \r\n                            <\/div>\r\n                     \r\n\r\n                         \r\n                            \r\n                            <div class=\"col-xl-4 col-lg-6 col-md-12 col-sm-12 \">\r\n                                <a href=\"https:\/\/abm.uksw.edu.pl\/zasady-rekrutacji-master-of-business-administration-w-ochronie-zdrowia\/\"  class=\"project\" >\r\n                                    <div class=\"candidate_box project_box\">\r\n                                        <div class=\"candidate_box_title\">Zasady<\/div>\r\n                                                                                <div class=\"candidate_box_sub_title\">rekrutacji<\/div>\r\n                                                                                <img decoding=\"async\" src=\"https:\/\/abm.uksw.edu.pl\/wp-content\/themes\/uksw\/images\/arrow_more1.svg\" alt=\"\">  \r\n                                    <\/div>\r\n                                <\/a>   \r\n                            <\/div>\r\n                     \r\n\r\n                         \r\n                            \r\n                            <div class=\"col-xl-4 col-lg-6 col-md-12 col-sm-12 \">\r\n                                <a href=\"https:\/\/abm.uksw.edu.pl\/o-kierunku-master-of-business-administration-w-ochronie-zdrowia\/\"  class=\"project\" >\r\n                                    <div class=\"candidate_box project_box\">\r\n                                        <div class=\"candidate_box_title\">Charakterystyka<\/div>\r\n                                                                                <div class=\"candidate_box_sub_title\">kierunku<\/div>\r\n                                                                                <img decoding=\"async\" src=\"https:\/\/abm.uksw.edu.pl\/wp-content\/themes\/uksw\/images\/arrow_more1.svg\" alt=\"\">  \r\n                                    <\/div>\r\n                                <\/a>   \r\n                            <\/div>\r\n                     \r\n\r\n                         \r\n                            \r\n                            <div class=\"col-xl-4 col-lg-6 col-md-12 col-sm-12 \">\r\n                                <a href=\"https:\/\/abm.uksw.edu.pl\/wp-content\/uploads\/sites\/56\/2026\/02\/Program-studiow-MBA.pdf\"  class=\"project\" >\r\n                                    <div class=\"candidate_box project_box\">\r\n                                        <div class=\"candidate_box_title\">Program<\/div>\r\n                                                                                <div class=\"candidate_box_sub_title\">studi\u00f3w<\/div>\r\n                                                                                <img decoding=\"async\" src=\"https:\/\/abm.uksw.edu.pl\/wp-content\/themes\/uksw\/images\/arrow_more1.svg\" alt=\"\">  \r\n                                    <\/div>\r\n                                <\/a>   \r\n                            <\/div>\r\n                     \r\n\r\n                         \r\n                            \r\n                            <div class=\"col-xl-4 col-lg-6 col-md-12 col-sm-12 \">\r\n                                <a href=\"https:\/\/abm.uksw.edu.pl\/harmonogram-zjazdow-mba\/\" target='_blank' class=\"project\" >\r\n                                    <div class=\"candidate_box project_box\">\r\n                                        <div class=\"candidate_box_title\">Harmonogram<\/div>\r\n                                                                                <div class=\"candidate_box_sub_title\">zjazd\u00f3w<\/div>\r\n                                                                                <img decoding=\"async\" src=\"https:\/\/abm.uksw.edu.pl\/wp-content\/themes\/uksw\/images\/arrow_more1.svg\" alt=\"\">  \r\n                                    <\/div>\r\n                                <\/a>   \r\n                            <\/div>\r\n                     \r\n\r\n                         \r\n                            \r\n                            <div class=\"col-xl-4 col-lg-6 col-md-12 col-sm-12 \">\r\n                                <a href=\"https:\/\/abm.uksw.edu.pl\/kontakt-master-of-business-administration-w-ochronie-zdrowia\/\"  class=\"project\" >\r\n                                    <div class=\"candidate_box project_box\">\r\n                                        <div class=\"candidate_box_title\">Kontakt<\/div>\r\n                                                                                <div class=\"candidate_box_sub_title\"><\/div>\r\n                                                                                <img decoding=\"async\" src=\"https:\/\/abm.uksw.edu.pl\/wp-content\/themes\/uksw\/images\/arrow_more1.svg\" alt=\"\">  \r\n                                    <\/div>\r\n                                <\/a>   \r\n                            <\/div>\r\n                     \r\n\r\n                         \r\n                            \r\n                            <div class=\"col-xl-4 col-lg-6 col-md-12 col-sm-12 \">\r\n                                <a href=\"https:\/\/abm.uksw.edu.pl\/kierownik-kierunku-mba\/\"  class=\"project\" >\r\n                                    <div class=\"candidate_box project_box\">\r\n                                        <div class=\"candidate_box_title\">Kierownik <\/div>\r\n                                                                                <div class=\"candidate_box_sub_title\">kierunku <\/div>\r\n                                                                                <img decoding=\"async\" src=\"https:\/\/abm.uksw.edu.pl\/wp-content\/themes\/uksw\/images\/arrow_more1.svg\" alt=\"\">  \r\n                                    <\/div>\r\n                                <\/a>   \r\n                            <\/div>\r\n                     \r\n\r\n                         \r\n                            <\/div>\r\n<\/div>\r\n\r\n<\/div>","protected":false},"excerpt":{"rendered":"<p>Studia podyplomowe MBA w ochronie zdrowia to doskona\u0142a inwestycja w rozw\u00f3j zawodowy. Program \u0142\u0105czy teori\u0119 z praktyk\u0105, przygotowuj\u0105c absolwent\u00f3w do obj\u0119cia stanowisk kierowniczych w plac\u00f3wkach medycznych. Dzi\u0119ki wiedzy z zakresu zarz\u0105dzania, finans\u00f3w i bada\u0144 klinicznych, absolwenci s\u0105 przygotowani do podejmowania decyzji w dynamicznym \u015brodowisku ochrony zdrowia. Zaj\u0119cia prowadzone s\u0105 przez do\u015bwiadczonych wyk\u0142adowc\u00f3w i praktyk\u00f3w, co [&hellip;]<\/p>\n","protected":false},"author":623,"featured_media":0,"parent":22680,"menu_order":0,"comment_status":"closed","ping_status":"closed","template":"page-templates\/template-sub-page.php","meta":{"_acf_changed":false,"inline_featured_image":false,"footnotes":"","_links_to":"","_links_to_target":""},"class_list":["post-22688","page","type-page","status-publish","hentry"],"acf":[],"_links":{"self":[{"href":"https:\/\/abm.uksw.edu.pl\/pl\/wp-json\/wp\/v2\/pages\/22688","targetHints":{"allow":["GET"]}}],"collection":[{"href":"https:\/\/abm.uksw.edu.pl\/pl\/wp-json\/wp\/v2\/pages"}],"about":[{"href":"https:\/\/abm.uksw.edu.pl\/pl\/wp-json\/wp\/v2\/types\/page"}],"author":[{"embeddable":true,"href":"https:\/\/abm.uksw.edu.pl\/pl\/wp-json\/wp\/v2\/users\/623"}],"replies":[{"embeddable":true,"href":"https:\/\/abm.uksw.edu.pl\/pl\/wp-json\/wp\/v2\/comments?post=22688"}],"version-history":[{"count":24,"href":"https:\/\/abm.uksw.edu.pl\/pl\/wp-json\/wp\/v2\/pages\/22688\/revisions"}],"predecessor-version":[{"id":23222,"href":"https:\/\/abm.uksw.edu.pl\/pl\/wp-json\/wp\/v2\/pages\/22688\/revisions\/23222"}],"up":[{"embeddable":true,"href":"https:\/\/abm.uksw.edu.pl\/pl\/wp-json\/wp\/v2\/pages\/22680"}],"wp:attachment":[{"href":"https:\/\/abm.uksw.edu.pl\/pl\/wp-json\/wp\/v2\/media?parent=22688"}],"curies":[{"name":"wp","href":"https:\/\/api.w.org\/{rel}","templated":true}]}}