{"id":22686,"date":"2024-08-09T11:37:19","date_gmt":"2024-08-09T09:37:19","guid":{"rendered":"https:\/\/abm.uksw.edu.pl\/?page_id=22686"},"modified":"2026-04-13T12:22:20","modified_gmt":"2026-04-13T10:22:20","slug":"zdrowie-publiczne-i-zdrowie-miedzynarodowe","status":"publish","type":"page","link":"https:\/\/abm.uksw.edu.pl\/strona-glowna\/studia\/zdrowie-publiczne-i-zdrowie-miedzynarodowe\/","title":{"rendered":"Zdrowie publiczne i zdrowie mi\u0119dzynarodowe"},"content":{"rendered":"\n<p>Studia podyplomowe Zdrowie Publiczne i Zdrowie Mi\u0119dzynarodowe pozwalaj\u0105 zdoby\u0107 praktyczne umiej\u0119tno\u015bci niezb\u0119dne do rozwi\u0105zywania aktualnych wyzwa\u0144 w dziedzinie zdrowia publicznego. Zastosowanie metody problemowej (PBL) umo\u017cliwia s\u0142uchaczom zdobycie umiej\u0119tno\u015bci analizowania z\u0142o\u017conych problem\u00f3w i wdra\u017cania innowacyjnych rozwi\u0105za\u0144. Studia \u0142\u0105cz\u0105 wiedz\u0119 z r\u00f3\u017cnych dziedzin, takich jak medycyna, nauki spo\u0142eczne, czy zarz\u0105dzanie. Praca w interdyscyplinarnych zespo\u0142ach prowadzi do zdobycia i rozwini\u0119cia kompetencji potrzebnych do skutecznej wsp\u00f3\u0142pracy na rynku. Program kszta\u0142cenia sk\u0142ada si\u0119 z cz\u0119\u015bci teoretycznej i praktycznej, a zaj\u0119cia s\u0105 prowadzone hybrydowo przez specjalist\u00f3w z dziedziny nauk medycznych i nauk o zdrowiu.<\/p>\n\n\n\n<p><strong>Studia s\u0105 bezp\u0142atne, pod warunkiem ich uko\u0144czenia.<\/strong><\/p>\n\n\n\r\n<div class=\"\">\r\n\r\n<div class=\"page_heading\"> <img decoding=\"async\" src=\"https:\/\/abm.uksw.edu.pl\/wp-content\/themes\/uksw\/images\/note-2_white.svg\" alt=\"\"> Wybierz interesuj\u0105cy Ci\u0119 dzia\u0142:<\/div>\r\n<div class=\"candidate_box_sec\">\r\n<div class=\"row\">\r\n\r\n        \r\n                               \r\n                            <div class=\"col-xl-4 col-lg-6 col-md-12 col-sm-12 \">\r\n                                <a href=\"https:\/\/irk.uksw.edu.pl\/pl\/offer\/ABM_PDPL_26_27\/programme\/P_UKSW-P-ZPM\/?from=field:P_UKSW-P-ZPM\" target='_blank' class=\"project\" >\r\n                                    <div class=\"candidate_box project_box\">\r\n                                        <div class=\"candidate_box_title\">Zapisz <\/div>\r\n                                                                                <div class=\"candidate_box_sub_title\">si\u0119 na studia<\/div>\r\n                                                                                <img decoding=\"async\" src=\"https:\/\/abm.uksw.edu.pl\/wp-content\/themes\/uksw\/images\/arrow_more1.svg\" alt=\"\">  \r\n                                    <\/div>\r\n                                <\/a>   \r\n                            <\/div>\r\n                     \r\n\r\n                         \r\n                            \r\n                            <div class=\"col-xl-4 col-lg-6 col-md-12 col-sm-12 \">\r\n                                <a href=\"https:\/\/abm.uksw.edu.pl\/wp-content\/uploads\/sites\/56\/2024\/10\/program_zdrowie.pdf\" target='_blank' class=\"project\" >\r\n                                    <div class=\"candidate_box project_box\">\r\n                                        <div class=\"candidate_box_title\">Program <\/div>\r\n                                                                                <div class=\"candidate_box_sub_title\">studi\u00f3w<\/div>\r\n                                                                                <img decoding=\"async\" src=\"https:\/\/abm.uksw.edu.pl\/wp-content\/themes\/uksw\/images\/arrow_more1.svg\" alt=\"\">  \r\n                                    <\/div>\r\n                                <\/a>   \r\n                            <\/div>\r\n                     \r\n\r\n                         \r\n                            \r\n                            <div class=\"col-xl-4 col-lg-6 col-md-12 col-sm-12 \">\r\n                                <a href=\"https:\/\/abm.uksw.edu.pl\/zasady-rekrutacji-zdrowie-publiczne-i-zdrowie-miedzynarodowe\/\"  class=\"project\" >\r\n                                    <div class=\"candidate_box project_box\">\r\n                                        <div class=\"candidate_box_title\">Zasady<\/div>\r\n                                                                                <div class=\"candidate_box_sub_title\">rekrutacji<\/div>\r\n                                                                                <img decoding=\"async\" src=\"https:\/\/abm.uksw.edu.pl\/wp-content\/themes\/uksw\/images\/arrow_more1.svg\" alt=\"\">  \r\n                                    <\/div>\r\n                                <\/a>   \r\n                            <\/div>\r\n                     \r\n\r\n                         \r\n                            \r\n                            <div class=\"col-xl-4 col-lg-6 col-md-12 col-sm-12 \">\r\n                                <a href=\"https:\/\/abm.uksw.edu.pl\/o-kierunku-zdrowie-publiczne-i-zdrowie-miedzynarodowe\/\"  class=\"project\" >\r\n                                    <div class=\"candidate_box project_box\">\r\n                                        <div class=\"candidate_box_title\">Charakterystyka<\/div>\r\n                                                                                <div class=\"candidate_box_sub_title\">kierunku<\/div>\r\n                                                                                <img decoding=\"async\" src=\"https:\/\/abm.uksw.edu.pl\/wp-content\/themes\/uksw\/images\/arrow_more1.svg\" alt=\"\">  \r\n                                    <\/div>\r\n                                <\/a>   \r\n                            <\/div>\r\n                     \r\n\r\n                         \r\n                            \r\n                            <div class=\"col-xl-4 col-lg-6 col-md-12 col-sm-12 \">\r\n                                <a href=\"\"  class=\"project\" >\r\n                                    <div class=\"candidate_box project_box\">\r\n                                        <div class=\"candidate_box_title\">Harmonogram<\/div>\r\n                                                                                <div class=\"candidate_box_sub_title\">zjazd\u00f3w<\/div>\r\n                                                                                <img decoding=\"async\" src=\"https:\/\/abm.uksw.edu.pl\/wp-content\/themes\/uksw\/images\/arrow_more1.svg\" alt=\"\">  \r\n                                    <\/div>\r\n                                <\/a>   \r\n                            <\/div>\r\n                     \r\n\r\n                         \r\n                            \r\n                            <div class=\"col-xl-4 col-lg-6 col-md-12 col-sm-12 \">\r\n                                <a href=\"https:\/\/abm.uksw.edu.pl\/pl\/kontakt-zdrowie-publiczne-i-zdrowie-miedzynarodowe\/\"  class=\"project\" >\r\n                                    <div class=\"candidate_box project_box\">\r\n                                        <div class=\"candidate_box_title\">Kontakt<\/div>\r\n                                                                                <div class=\"candidate_box_sub_title\"><\/div>\r\n                                                                                <img decoding=\"async\" src=\"https:\/\/abm.uksw.edu.pl\/wp-content\/themes\/uksw\/images\/arrow_more1.svg\" alt=\"\">  \r\n                                    <\/div>\r\n                                <\/a>   \r\n                            <\/div>\r\n                     \r\n\r\n                         \r\n                            \r\n                            <div class=\"col-xl-4 col-lg-6 col-md-12 col-sm-12 \">\r\n                                <a href=\"https:\/\/abm.uksw.edu.pl\/kierownik-kierunku-zdrowie-publiczne-i-zdrowie-miedzynarodowe\/\"  class=\"project\" >\r\n                                    <div class=\"candidate_box project_box\">\r\n                                        <div class=\"candidate_box_title\">Kierownik<\/div>\r\n                                                                                <div class=\"candidate_box_sub_title\">kierunku<\/div>\r\n                                                                                <img decoding=\"async\" src=\"https:\/\/abm.uksw.edu.pl\/wp-content\/themes\/uksw\/images\/arrow_more1.svg\" alt=\"\">  \r\n                                    <\/div>\r\n                                <\/a>   \r\n                            <\/div>\r\n                     \r\n\r\n                         \r\n                            <\/div>\r\n<\/div>\r\n\r\n<\/div>\n\n\n<div class=\"wp-block-media-text is-stacked-on-mobile\"><figure class=\"wp-block-media-text__media\"><video controls src=\"https:\/\/abm.uksw.edu.pl\/wp-content\/uploads\/sites\/56\/2025\/04\/prof.-Juszczyk-1.mov\"><\/video><\/figure><div class=\"wp-block-media-text__content\">\n<p><\/p>\n<\/div><\/div>\n","protected":false},"excerpt":{"rendered":"<p>Studia podyplomowe Zdrowie Publiczne i Zdrowie Mi\u0119dzynarodowe pozwalaj\u0105 zdoby\u0107 praktyczne umiej\u0119tno\u015bci niezb\u0119dne do rozwi\u0105zywania aktualnych wyzwa\u0144 w dziedzinie zdrowia publicznego. Zastosowanie metody problemowej (PBL) umo\u017cliwia s\u0142uchaczom zdobycie umiej\u0119tno\u015bci analizowania z\u0142o\u017conych problem\u00f3w i wdra\u017cania innowacyjnych rozwi\u0105za\u0144. Studia \u0142\u0105cz\u0105 wiedz\u0119 z r\u00f3\u017cnych dziedzin, takich jak medycyna, nauki spo\u0142eczne, czy zarz\u0105dzanie. Praca w interdyscyplinarnych zespo\u0142ach prowadzi do zdobycia [&hellip;]<\/p>\n","protected":false},"author":623,"featured_media":0,"parent":22680,"menu_order":0,"comment_status":"closed","ping_status":"closed","template":"page-templates\/template-sub-page.php","meta":{"_acf_changed":false,"inline_featured_image":false,"footnotes":"","_links_to":"","_links_to_target":""},"class_list":["post-22686","page","type-page","status-publish","hentry"],"acf":[],"_links":{"self":[{"href":"https:\/\/abm.uksw.edu.pl\/pl\/wp-json\/wp\/v2\/pages\/22686","targetHints":{"allow":["GET"]}}],"collection":[{"href":"https:\/\/abm.uksw.edu.pl\/pl\/wp-json\/wp\/v2\/pages"}],"about":[{"href":"https:\/\/abm.uksw.edu.pl\/pl\/wp-json\/wp\/v2\/types\/page"}],"author":[{"embeddable":true,"href":"https:\/\/abm.uksw.edu.pl\/pl\/wp-json\/wp\/v2\/users\/623"}],"replies":[{"embeddable":true,"href":"https:\/\/abm.uksw.edu.pl\/pl\/wp-json\/wp\/v2\/comments?post=22686"}],"version-history":[{"count":39,"href":"https:\/\/abm.uksw.edu.pl\/pl\/wp-json\/wp\/v2\/pages\/22686\/revisions"}],"predecessor-version":[{"id":23244,"href":"https:\/\/abm.uksw.edu.pl\/pl\/wp-json\/wp\/v2\/pages\/22686\/revisions\/23244"}],"up":[{"embeddable":true,"href":"https:\/\/abm.uksw.edu.pl\/pl\/wp-json\/wp\/v2\/pages\/22680"}],"wp:attachment":[{"href":"https:\/\/abm.uksw.edu.pl\/pl\/wp-json\/wp\/v2\/media?parent=22686"}],"curies":[{"name":"wp","href":"https:\/\/api.w.org\/{rel}","templated":true}]}}