{"id":22683,"date":"2024-08-09T11:34:16","date_gmt":"2024-08-09T09:34:16","guid":{"rendered":"https:\/\/abm.uksw.edu.pl\/?page_id=22683"},"modified":"2026-04-13T12:22:41","modified_gmt":"2026-04-13T10:22:41","slug":"nowoczesna-farmacja-i-farmakologia-kliniczna-z-elementami-zintegrowanej-opieki-farmaceutycznej","status":"publish","type":"page","link":"https:\/\/abm.uksw.edu.pl\/strona-glowna\/studia\/nowoczesna-farmacja-i-farmakologia-kliniczna-z-elementami-zintegrowanej-opieki-farmaceutycznej\/","title":{"rendered":"Nowoczesna farmacja i farmakologia kliniczna z elementami zintegrowanej opieki farmaceutycznej"},"content":{"rendered":"\n<p>Studia podyplomowe przygotowuj\u0105ce farmaceut\u00f3w do poszerzenia swoich kompetencji zawodowych w zakresie farmacji klinicznej. Program studi\u00f3w obejmuje zagadnienia zwi\u0105zane z bezpiecznym wystawianiem recept, prowadzeniem porad farmaceutycznych oraz pog\u0142\u0119bianiem wiedzy opartej na EBM (Evidence-Based Medicine).<\/p>\n\n\n\n<p>Absolwenci studi\u00f3w zdob\u0119d\u0105 umiej\u0119tno\u015bci niezb\u0119dne do efektywnej wsp\u00f3\u0142pracy z lekarzami i poprawy jako\u015bci opieki farmaceutycznej. Zaj\u0119cia prowadzone s\u0105 przez wykwalifikowan\u0105 kadr\u0119 akademick\u0105 w formie hybrydowej, \u0142\u0105cz\u0105c zaj\u0119cia teoretyczne z warsztatami praktycznymi.<\/p>\n\n\n\n<p><strong>Studia s\u0105 bezp\u0142atne, pod warunkiem ich uko\u0144czenia.<\/strong><\/p>\n\n\n\r\n<div class=\"\">\r\n\r\n<div class=\"page_heading\"> <img decoding=\"async\" src=\"https:\/\/abm.uksw.edu.pl\/wp-content\/themes\/uksw\/images\/note-2_white.svg\" alt=\"\"> Wybierz interesuj\u0105cy Ci\u0119 dzia\u0142:<\/div>\r\n<div class=\"candidate_box_sec\">\r\n<div class=\"row\">\r\n\r\n        \r\n                               \r\n                            <div class=\"col-xl-4 col-lg-6 col-md-12 col-sm-12 \">\r\n                                <a href=\"https:\/\/irk.uksw.edu.pl\/pl\/offer\/ABM_PDPL_26_27\/programme\/P_UKSW-P-FARM\/?from=field:P_UKSW-P-FARM\" target='_blank' class=\"project\" >\r\n                                    <div class=\"candidate_box project_box\">\r\n                                        <div class=\"candidate_box_title\">Zapisz <\/div>\r\n                                                                                <div class=\"candidate_box_sub_title\">si\u0119 na studia<\/div>\r\n                                                                                <img decoding=\"async\" src=\"https:\/\/abm.uksw.edu.pl\/wp-content\/themes\/uksw\/images\/arrow_more1.svg\" alt=\"\">  \r\n                                    <\/div>\r\n                                <\/a>   \r\n                            <\/div>\r\n                     \r\n\r\n                         \r\n                            \r\n                            <div class=\"col-xl-4 col-lg-6 col-md-12 col-sm-12 \">\r\n                                <a href=\"https:\/\/abm.uksw.edu.pl\/zasady-rekrutacji-nowoczesna-farmacja-i-farmakologia-kliniczna-z-elementami-zintegrowanej-opieki-farmaceutycznej\/\" target='_blank' class=\"project\" >\r\n                                    <div class=\"candidate_box project_box\">\r\n                                        <div class=\"candidate_box_title\">Zasady <\/div>\r\n                                                                                <div class=\"candidate_box_sub_title\">rekrutacji<\/div>\r\n                                                                                <img decoding=\"async\" src=\"https:\/\/abm.uksw.edu.pl\/wp-content\/themes\/uksw\/images\/arrow_more1.svg\" alt=\"\">  \r\n                                    <\/div>\r\n                                <\/a>   \r\n                            <\/div>\r\n                     \r\n\r\n                         \r\n                            \r\n                            <div class=\"col-xl-4 col-lg-6 col-md-12 col-sm-12 \">\r\n                                <a href=\"https:\/\/abm.uksw.edu.pl\/o-kierunku\/\" target='_blank' class=\"project\" >\r\n                                    <div class=\"candidate_box project_box\">\r\n                                        <div class=\"candidate_box_title\">Charakterystyka<\/div>\r\n                                                                                <div class=\"candidate_box_sub_title\">kierunku<\/div>\r\n                                                                                <img decoding=\"async\" src=\"https:\/\/abm.uksw.edu.pl\/wp-content\/themes\/uksw\/images\/arrow_more1.svg\" alt=\"\">  \r\n                                    <\/div>\r\n                                <\/a>   \r\n                            <\/div>\r\n                     \r\n\r\n                         \r\n                            \r\n                            <div class=\"col-xl-4 col-lg-6 col-md-12 col-sm-12 \">\r\n                                <a href=\"https:\/\/abm.uksw.edu.pl\/wp-content\/uploads\/sites\/56\/2024\/10\/Program_Farmacja-1.pdf\" target='_blank' class=\"project\" >\r\n                                    <div class=\"candidate_box project_box\">\r\n                                        <div class=\"candidate_box_title\">Program<\/div>\r\n                                                                                <div class=\"candidate_box_sub_title\">studi\u00f3w<\/div>\r\n                                                                                <img decoding=\"async\" src=\"https:\/\/abm.uksw.edu.pl\/wp-content\/themes\/uksw\/images\/arrow_more1.svg\" alt=\"\">  \r\n                                    <\/div>\r\n                                <\/a>   \r\n                            <\/div>\r\n                     \r\n\r\n                         \r\n                            \r\n                            <div class=\"col-xl-4 col-lg-6 col-md-12 col-sm-12 \">\r\n                                <a href=\"\" target='_blank' class=\"project\" >\r\n                                    <div class=\"candidate_box project_box\">\r\n                                        <div class=\"candidate_box_title\">Harmonogram<\/div>\r\n                                                                                <div class=\"candidate_box_sub_title\">zjazd\u00f3w<\/div>\r\n                                                                                <img decoding=\"async\" src=\"https:\/\/abm.uksw.edu.pl\/wp-content\/themes\/uksw\/images\/arrow_more1.svg\" alt=\"\">  \r\n                                    <\/div>\r\n                                <\/a>   \r\n                            <\/div>\r\n                     \r\n\r\n                         \r\n                            \r\n                            <div class=\"col-xl-4 col-lg-6 col-md-12 col-sm-12 \">\r\n                                <a href=\"https:\/\/abm.uksw.edu.pl\/kontakt-nowoczesna-farmacja-i-farmakologia-kliniczna-z-elementami-zintegrowanej-opieki-farmaceutycznej\/\"  class=\"project\" >\r\n                                    <div class=\"candidate_box project_box\">\r\n                                        <div class=\"candidate_box_title\">Kontakt<\/div>\r\n                                                                                <div class=\"candidate_box_sub_title\"><\/div>\r\n                                                                                <img decoding=\"async\" src=\"https:\/\/abm.uksw.edu.pl\/wp-content\/themes\/uksw\/images\/arrow_more1.svg\" alt=\"\">  \r\n                                    <\/div>\r\n                                <\/a>   \r\n                            <\/div>\r\n                     \r\n\r\n                         \r\n                            \r\n                            <div class=\"col-xl-4 col-lg-6 col-md-12 col-sm-12 \">\r\n                                <a href=\"https:\/\/abm.uksw.edu.pl\/kierownik-kierunku-nowoczesna-farmacja\/\"  class=\"project\" >\r\n                                    <div class=\"candidate_box project_box\">\r\n                                        <div class=\"candidate_box_title\">Kierownik<\/div>\r\n                                                                                <div class=\"candidate_box_sub_title\">kierunku<\/div>\r\n                                                                                <img decoding=\"async\" src=\"https:\/\/abm.uksw.edu.pl\/wp-content\/themes\/uksw\/images\/arrow_more1.svg\" alt=\"\">  \r\n                                    <\/div>\r\n                                <\/a>   \r\n                            <\/div>\r\n                     \r\n\r\n                         \r\n                            <\/div>\r\n<\/div>\r\n\r\n<\/div>\n\n\n<div class=\"wp-block-media-text is-stacked-on-mobile is-vertically-aligned-center\"><figure class=\"wp-block-media-text__media\"><video controls src=\"https:\/\/abm.uksw.edu.pl\/wp-content\/uploads\/sites\/56\/2025\/04\/Merks-2.mp4\"><\/video><\/figure><div class=\"wp-block-media-text__content\">\n<p><\/p>\n<\/div><\/div>\n","protected":false},"excerpt":{"rendered":"<p>Studia podyplomowe przygotowuj\u0105ce farmaceut\u00f3w do poszerzenia swoich kompetencji zawodowych w zakresie farmacji klinicznej. Program studi\u00f3w obejmuje zagadnienia zwi\u0105zane z bezpiecznym wystawianiem recept, prowadzeniem porad farmaceutycznych oraz pog\u0142\u0119bianiem wiedzy opartej na EBM (Evidence-Based Medicine). Absolwenci studi\u00f3w zdob\u0119d\u0105 umiej\u0119tno\u015bci niezb\u0119dne do efektywnej wsp\u00f3\u0142pracy z lekarzami i poprawy jako\u015bci opieki farmaceutycznej. Zaj\u0119cia prowadzone s\u0105 przez wykwalifikowan\u0105 kadr\u0119 akademick\u0105 [&hellip;]<\/p>\n","protected":false},"author":623,"featured_media":0,"parent":22680,"menu_order":0,"comment_status":"closed","ping_status":"closed","template":"page-templates\/template-sub-page.php","meta":{"_acf_changed":false,"inline_featured_image":false,"footnotes":"","_links_to":"","_links_to_target":""},"class_list":["post-22683","page","type-page","status-publish","hentry"],"acf":[],"_links":{"self":[{"href":"https:\/\/abm.uksw.edu.pl\/pl\/wp-json\/wp\/v2\/pages\/22683","targetHints":{"allow":["GET"]}}],"collection":[{"href":"https:\/\/abm.uksw.edu.pl\/pl\/wp-json\/wp\/v2\/pages"}],"about":[{"href":"https:\/\/abm.uksw.edu.pl\/pl\/wp-json\/wp\/v2\/types\/page"}],"author":[{"embeddable":true,"href":"https:\/\/abm.uksw.edu.pl\/pl\/wp-json\/wp\/v2\/users\/623"}],"replies":[{"embeddable":true,"href":"https:\/\/abm.uksw.edu.pl\/pl\/wp-json\/wp\/v2\/comments?post=22683"}],"version-history":[{"count":42,"href":"https:\/\/abm.uksw.edu.pl\/pl\/wp-json\/wp\/v2\/pages\/22683\/revisions"}],"predecessor-version":[{"id":23245,"href":"https:\/\/abm.uksw.edu.pl\/pl\/wp-json\/wp\/v2\/pages\/22683\/revisions\/23245"}],"up":[{"embeddable":true,"href":"https:\/\/abm.uksw.edu.pl\/pl\/wp-json\/wp\/v2\/pages\/22680"}],"wp:attachment":[{"href":"https:\/\/abm.uksw.edu.pl\/pl\/wp-json\/wp\/v2\/media?parent=22683"}],"curies":[{"name":"wp","href":"https:\/\/api.w.org\/{rel}","templated":true}]}}