{"id":22680,"date":"2024-08-09T11:31:49","date_gmt":"2024-08-09T09:31:49","guid":{"rendered":"https:\/\/abm.uksw.edu.pl\/?page_id=22680"},"modified":"2025-01-27T08:14:46","modified_gmt":"2025-01-27T07:14:46","slug":"studia","status":"publish","type":"page","link":"https:\/\/abm.uksw.edu.pl\/strona-glowna\/studia\/","title":{"rendered":"Studia"},"content":{"rendered":"\n<p><strong>Bezp\u0142atne studia podyplomowe i MBA z zakresu nauk biomedycznych to <\/strong>odpowied\u017a na wsp\u00f3\u0142czesne wyzwania w ochronie zdrowia, takie jak pandemia COVID-19 i kryzys migracyjny. Celem projektu jest przygotowanie specjalist\u00f3w, kt\u00f3rzy b\u0119d\u0105 w stanie wprowadza\u0107 innowacje i poprawia\u0107 jako\u015b\u0107 opieki zdrowotnej w Polsce.<\/p>\n\n\n\n<p>W ramach trzech kierunk\u00f3w s\u0142uchacze b\u0119d\u0105 mogli skupi\u0107 si\u0119 na zarz\u0105dzaniu w ochronie zdrowia, farmacji klinicznej oraz zdrowiu publicznym i mi\u0119dzynarodowym. Na ka\u017cde studia podyplomowe zostanie przyj\u0119tych maksymalnie 30 os\u00f3b. Rekrutacja b\u0119dzie prowadzona w systemie IRK, a studia b\u0119d\u0105 przeprowadzone w formie weekendowej.&nbsp;<\/p>\n\n\n\n<p><strong>Studia s\u0105 bezp\u0142atne, pod warunkiem ich uko\u0144czenia.<\/strong><\/p>\n\n\n\n<p>Projekt<em> Innowacje biomedyczne \u2013 studia MBA i studia podyplomowe dla wzmocnienia polskiego rynku ochrony zdrowia \u2013 UKSW<\/em> &#8211; 2023\/ABM\/06\/00016 finansowany jest ze \u015brodk\u00f3w Agencji Bada\u0144 Medycznych w ramach konkursu <em>Opracowanie i realizacja autorskiego programu studi\u00f3w podyplomowych z zakresu nauk biomedycznych.<\/em><\/p>\n\n\n<div class=\"wp-block-image\">\n<figure class=\"aligncenter size-large is-resized\"><img loading=\"lazy\" decoding=\"async\" width=\"2159\" height=\"1483\" src=\"https:\/\/abm.uksw.edu.pl\/wp-content\/uploads\/sites\/56\/2024\/08\/ABM_logo.svg\" alt=\"\" class=\"wp-image-22755\" style=\"aspect-ratio:1.4558327714093056;width:386px;height:auto\" \/><\/figure><\/div>\n\n\r\n<div class=\"\">\r\n\r\n<div class=\"page_heading\"> <img decoding=\"async\" src=\"https:\/\/abm.uksw.edu.pl\/wp-content\/themes\/uksw\/images\/note-2_white.svg\" alt=\"\"> Wybierz kierunek:<\/div>\r\n<div class=\"candidate_box_sec\">\r\n<div class=\"row\">\r\n\r\n    \r\n                                \r\n                            <div class=\"col-xl-4 col-lg-6 col-md-12 col-sm-12 project\">\r\n                                <a href=\"https:\/\/abm.uksw.edu.pl\/?post_type=page&#038;p=22683\" class=\"project_box\">\r\n                                    <div class=\"candidate_box project_box\">\r\n                                        <div class=\"candidate_box_title\">Nowoczesna<\/div>\r\n                                                                                <div class=\"candidate_box_sub_title\">farmacja i farmakologia kliniczna z elementami zintegrowanej opieki farmaceutycznej<\/div>\r\n                                                                                <img decoding=\"async\" src=\"https:\/\/abm.uksw.edu.pl\/wp-content\/themes\/uksw\/images\/arrow_more1.svg\" alt=\"\">  \r\n                                    <\/div>\r\n                                <\/a>\r\n                            <\/div>\r\n                      \r\n                        \r\n                            \r\n                                \r\n                            <div class=\"col-xl-4 col-lg-6 col-md-12 col-sm-12 project\">\r\n                                <a href=\"https:\/\/abm.uksw.edu.pl\/?post_type=page&#038;p=22686\" class=\"project_box\">\r\n                                    <div class=\"candidate_box project_box\">\r\n                                        <div class=\"candidate_box_title\">Zdrowie<\/div>\r\n                                                                                <div class=\"candidate_box_sub_title\">publiczne i zdrowie mi\u0119dzynarodowe<\/div>\r\n                                                                                <img decoding=\"async\" src=\"https:\/\/abm.uksw.edu.pl\/wp-content\/themes\/uksw\/images\/arrow_more1.svg\" alt=\"\">  \r\n                                    <\/div>\r\n                                <\/a>\r\n                            <\/div>\r\n                      \r\n                        \r\n                            \r\n                                \r\n                            <div class=\"col-xl-4 col-lg-6 col-md-12 col-sm-12 project\">\r\n                                <a href=\"https:\/\/abm.uksw.edu.pl\/?post_type=page&#038;p=22688\" class=\"project_box\">\r\n                                    <div class=\"candidate_box project_box\">\r\n                                        <div class=\"candidate_box_title\">MBA<\/div>\r\n                                                                                <div class=\"candidate_box_sub_title\">w ochronie zdrowia<\/div>\r\n                                                                                <img decoding=\"async\" src=\"https:\/\/abm.uksw.edu.pl\/wp-content\/themes\/uksw\/images\/arrow_more1.svg\" alt=\"\">  \r\n                                    <\/div>\r\n                                <\/a>\r\n                            <\/div>\r\n                      \r\n                        \r\n                            <\/div>\r\n<\/div>\r\n\r\n<\/div>","protected":false},"excerpt":{"rendered":"<p>Bezp\u0142atne studia podyplomowe i MBA z zakresu nauk biomedycznych to odpowied\u017a na wsp\u00f3\u0142czesne wyzwania w ochronie zdrowia, takie jak pandemia COVID-19 i kryzys migracyjny. Celem projektu jest przygotowanie specjalist\u00f3w, kt\u00f3rzy b\u0119d\u0105 w stanie wprowadza\u0107 innowacje i poprawia\u0107 jako\u015b\u0107 opieki zdrowotnej w Polsce. W ramach trzech kierunk\u00f3w s\u0142uchacze b\u0119d\u0105 mogli skupi\u0107 si\u0119 na zarz\u0105dzaniu w ochronie [&hellip;]<\/p>\n","protected":false},"author":623,"featured_media":0,"parent":3312,"menu_order":0,"comment_status":"closed","ping_status":"closed","template":"page-templates\/template-sub-page.php","meta":{"_acf_changed":false,"inline_featured_image":false,"footnotes":"","_links_to":"","_links_to_target":""},"class_list":["post-22680","page","type-page","status-publish","hentry"],"acf":[],"_links":{"self":[{"href":"https:\/\/abm.uksw.edu.pl\/pl\/wp-json\/wp\/v2\/pages\/22680","targetHints":{"allow":["GET"]}}],"collection":[{"href":"https:\/\/abm.uksw.edu.pl\/pl\/wp-json\/wp\/v2\/pages"}],"about":[{"href":"https:\/\/abm.uksw.edu.pl\/pl\/wp-json\/wp\/v2\/types\/page"}],"author":[{"embeddable":true,"href":"https:\/\/abm.uksw.edu.pl\/pl\/wp-json\/wp\/v2\/users\/623"}],"replies":[{"embeddable":true,"href":"https:\/\/abm.uksw.edu.pl\/pl\/wp-json\/wp\/v2\/comments?post=22680"}],"version-history":[{"count":6,"href":"https:\/\/abm.uksw.edu.pl\/pl\/wp-json\/wp\/v2\/pages\/22680\/revisions"}],"predecessor-version":[{"id":22982,"href":"https:\/\/abm.uksw.edu.pl\/pl\/wp-json\/wp\/v2\/pages\/22680\/revisions\/22982"}],"up":[{"embeddable":true,"href":"https:\/\/abm.uksw.edu.pl\/pl\/wp-json\/wp\/v2\/pages\/3312"}],"wp:attachment":[{"href":"https:\/\/abm.uksw.edu.pl\/pl\/wp-json\/wp\/v2\/media?parent=22680"}],"curies":[{"name":"wp","href":"https:\/\/api.w.org\/{rel}","templated":true}]}}