{"id":21870,"date":"2023-01-27T14:46:06","date_gmt":"2023-01-27T13:46:06","guid":{"rendered":"https:\/\/jednostki.uksw.edu.pl\/abm\/?page_id=21870"},"modified":"2023-01-27T14:51:22","modified_gmt":"2023-01-27T13:51:22","slug":"program-prom","status":"publish","type":"page","link":"https:\/\/abm.uksw.edu.pl\/projekty-badawcze\/program-prom\/","title":{"rendered":"<strong>Program PROM<\/strong>"},"content":{"rendered":"\n<h2 class=\"wp-block-heading\">Stypendium nale\u017cy zrealizowa\u0107 oraz rozliczy\u0107 do dnia 30 wrze\u015bnia 2022 r.\u00a0<\/h2>\n\n\n\n<figure class=\"wp-block-image size-full is-resized\"><img loading=\"lazy\" decoding=\"async\" src=\"https:\/\/jednostki.uksw.edu.pl\/abm\/wp-content\/uploads\/sites\/56\/2023\/01\/PROM_NA_UKSW1.png\" alt=\"\" class=\"wp-image-21871\" width=\"836\" height=\"470\" srcset=\"https:\/\/abm.uksw.edu.pl\/wp-content\/uploads\/sites\/56\/2023\/01\/PROM_NA_UKSW1.png 560w, https:\/\/abm.uksw.edu.pl\/wp-content\/uploads\/sites\/56\/2023\/01\/PROM_NA_UKSW1-300x169.png 300w\" sizes=\"auto, (max-width: 836px) 100vw, 836px\" \/><\/figure>\n\n\n\n<h3 class=\"wp-block-heading\"><strong>Program PROM \u2013 Mi\u0119dzynarodowa wymiana stypendialna doktorant\u00f3w i kadry akademickiej w Uniwersytecie Kardyna\u0142a Stefana Wyszy\u0144skiego w Warszawie.<\/strong><\/h3>\n\n\n\n<p>1. Wsparcie udzielane w ramach Programu obejmuje w szczeg\u00f3lno\u015bci:<\/p>\n\n\n\n<ul class=\"wp-block-list\">\n<li>udzia\u0142 w szkole letniej;<\/li>\n\n\n\n<li>pozyskanie materia\u0142\u00f3w do pracy doktorskiej\/artyku\u0142u naukowego;<\/li>\n\n\n\n<li>wykonanie kwerend archiwalnych\/bibliotecznych;<\/li>\n\n\n\n<li>udzia\u0142 w kr\u00f3tkich formach kszta\u0142cenia;<\/li>\n\n\n\n<li>aktywny udzia\u0142 w konferencji zagranicznej;<\/li>\n\n\n\n<li>udzia\u0142 w szkoleniach.<\/li>\n<\/ul>\n\n\n\n<p>2. Uczestnikami Programu b\u0119d\u0105:<\/p>\n\n\n\n<ul class=\"wp-block-list\">\n<li>doktoranci stacjonarnych studi\u00f3w doktoranckich, kt\u00f3rzy w roku akademickim 2021\/2022 b\u0119d\u0105 na IV roku kszta\u0142cenia oraz doktoranci, kt\u00f3rzy z r\u00f3\u017cnych powod\u00f3w , m.in. zdrowotnych korzystaj\u0105 z wyd\u0142u\u017cenia okresu studi\u00f3w doktoranckich;<\/li>\n\n\n\n<li>doktoranci Szko\u0142y Doktorskiej UKSW realizuj\u0105cy wyjazd do zagranicznej instytucji naukowej w celu pozyskania materia\u0142\u00f3w do pracy doktorskiej lub przeprowadzenia kwerendy archiwalnej\/bibliotecznej;&nbsp;<\/li>\n<\/ul>\n\n\n\n<p>3. Rekrutacja dla os\u00f3b wyje\u017cd\u017caj\u0105cych trwa do 31 maja 2022 r, (wykaz dokument\u00f3w, kt\u00f3re nale\u017cy z\u0142o\u017cy\u0107 zamieszczono poni\u017cej).<\/p>\n\n\n\n<p>4. Wyniki rekrutacji \u2013 15 czerwca 2022 r.<\/p>\n\n\n\n<p>5. Kwoty bazowe do wyliczania koszt\u00f3w wyjazdu:<\/p>\n\n\n\r\n<div class=\"\">\r\n\r\n\r\n<div class=\"row\">\r\n\r\n  \r\n<div class=\"col-xl-12 col-lg-12 col-md-12 col-sm-12 \">\r\n\t\t<div class=\"download_detils\">\r\n\t\t\t<a href=\"https:\/\/abm.uksw.edu.pl\/wp-content\/uploads\/sites\/56\/2023\/01\/Szczegolowe-informacje-do-wyliczania-kosztow-wyjazdu.pdf\"  target=\"_blank\" >\r\n\t\t\t<img decoding=\"async\" src=\"https:\/\/abm.uksw.edu.pl\/wp-content\/themes\/uksw\/images\/import.svg\" alt=\"\"> Szczeg\u00f3\u0142owe informacje do wyliczania koszt\u00f3w wyjazdu [PDF,  0.15 MB]<\/a>\r\n\t\t<\/div>\r\n<\/div>\r\n\r\n\r\n\t\t\r\n\t\t \r\n\r\n<\/div>\r\n<\/div>\r\n<div class=\"space20\"><\/div>\r\n\r\n\n\n\n<p>6. Dokumenty konkursowe:\u00a0<\/p>\n\n\n\r\n<div class=\"\">\r\n\r\n\r\n<div class=\"row\">\r\n\r\n  \r\n<div class=\"col-xl-12 col-lg-12 col-md-12 col-sm-12 \">\r\n\t\t<div class=\"download_detils\">\r\n\t\t\t<a href=\"https:\/\/abm.uksw.edu.pl\/wp-content\/uploads\/sites\/56\/2023\/01\/Formularz-zgloszeniowy-i-oswiadczenia.zip\"  target=\"_blank\" >\r\n\t\t\t<img decoding=\"async\" src=\"https:\/\/abm.uksw.edu.pl\/wp-content\/themes\/uksw\/images\/import.svg\" alt=\"\"> Formularz zg\u0142oszeniowy i o\u015bwiadczenia [ZIP,  0.45 MB]<\/a>\r\n\t\t<\/div>\r\n<\/div>\r\n\r\n\r\n\t\t\r\n<div class=\"col-xl-12 col-lg-12 col-md-12 col-sm-12 \">\r\n\t\t<div class=\"download_detils\">\r\n\t\t\t<a href=\"https:\/\/abm.uksw.edu.pl\/wp-content\/uploads\/sites\/56\/2023\/01\/Regulamin.pdf\"  target=\"_blank\" >\r\n\t\t\t<img decoding=\"async\" src=\"https:\/\/abm.uksw.edu.pl\/wp-content\/themes\/uksw\/images\/import.svg\" alt=\"\"> Regulamin [PDF,  0.30 MB]<\/a>\r\n\t\t<\/div>\r\n<\/div>\r\n\r\n\r\n\t\t\r\n<div class=\"col-xl-12 col-lg-12 col-md-12 col-sm-12 \">\r\n\t\t<div class=\"download_detils\">\r\n\t\t\t<a href=\"https:\/\/abm.uksw.edu.pl\/wp-content\/uploads\/sites\/56\/2023\/01\/Formularz-oceny-dokumentow-aplikacyjnych-doktoranci-wyjezdzajacy.docx\"  target=\"_blank\" >\r\n\t\t\t<img decoding=\"async\" src=\"https:\/\/abm.uksw.edu.pl\/wp-content\/themes\/uksw\/images\/import.svg\" alt=\"\"> Formularz oceny dokument\u00f3w aplikacyjnych &#8211; doktoranci wyje\u017cd\u017caj\u0105cy [DOCX,  0.24 MB]<\/a>\r\n\t\t<\/div>\r\n<\/div>\r\n\r\n\r\n\t\t\r\n<div class=\"col-xl-12 col-lg-12 col-md-12 col-sm-12 \">\r\n\t\t<div class=\"download_detils\">\r\n\t\t\t<a href=\"https:\/\/abm.uksw.edu.pl\/wp-content\/uploads\/sites\/56\/2023\/01\/Formularz-oceny-dokumentow-aplikacyjnych-doktoranci-wyjezdzajacy.pdf\"  target=\"_blank\" >\r\n\t\t\t<img decoding=\"async\" src=\"https:\/\/abm.uksw.edu.pl\/wp-content\/themes\/uksw\/images\/import.svg\" alt=\"\"> Formularz oceny dokument\u00f3w aplikacyjnych &#8211; doktoranci wyje\u017cd\u017caj\u0105cy [PDF,  0.29 MB]<\/a>\r\n\t\t<\/div>\r\n<\/div>\r\n\r\n\r\n\t\t\r\n<div class=\"col-xl-12 col-lg-12 col-md-12 col-sm-12 \">\r\n\t\t<div class=\"download_detils\">\r\n\t\t\t<a href=\"https:\/\/abm.uksw.edu.pl\/wp-content\/uploads\/sites\/56\/2023\/01\/Formularz-oceny-dokumentow-aplikacyjnych-kadra-akademicka.docx\"  target=\"_blank\" >\r\n\t\t\t<img decoding=\"async\" src=\"https:\/\/abm.uksw.edu.pl\/wp-content\/themes\/uksw\/images\/import.svg\" alt=\"\"> Formularz oceny dokument\u00f3w aplikacyjnych &#8211; kadra akademicka [DOCX,  0.24 MB]<\/a>\r\n\t\t<\/div>\r\n<\/div>\r\n\r\n\r\n\t\t\r\n<div class=\"col-xl-12 col-lg-12 col-md-12 col-sm-12 \">\r\n\t\t<div class=\"download_detils\">\r\n\t\t\t<a href=\"https:\/\/abm.uksw.edu.pl\/wp-content\/uploads\/sites\/56\/2023\/01\/Formularz-oceny-dokumentow-aplikacyjnych-kadra-akademicka.pdf\"  target=\"_blank\" >\r\n\t\t\t<img decoding=\"async\" src=\"https:\/\/abm.uksw.edu.pl\/wp-content\/themes\/uksw\/images\/import.svg\" alt=\"\"> Formularz oceny dokument\u00f3w aplikacyjnych &#8211; kadra akademicka [PDF,  0.28 MB]<\/a>\r\n\t\t<\/div>\r\n<\/div>\r\n\r\n\r\n\t\t\r\n<div class=\"col-xl-12 col-lg-12 col-md-12 col-sm-12 \">\r\n\t\t<div class=\"download_detils\">\r\n\t\t\t<a href=\"https:\/\/abm.uksw.edu.pl\/wp-content\/uploads\/sites\/56\/2023\/01\/Ulotka-informacyjna.pdf\"  target=\"_blank\" >\r\n\t\t\t<img decoding=\"async\" src=\"https:\/\/abm.uksw.edu.pl\/wp-content\/themes\/uksw\/images\/import.svg\" alt=\"\"> Ulotka informacyjna [PDF,  1.42 MB]<\/a>\r\n\t\t<\/div>\r\n<\/div>\r\n\r\n\r\n\t\t\r\n\t\t \r\n\r\n<\/div>\r\n<\/div>\r\n<div class=\"space20\"><\/div>\r\n\r\n\n\n\n<p>7. Doktoranci, kt\u00f3rzy rozpocz\u0119li studia doktoranckie przed rokiem akademickim 2019\/2020, sk\u0142adaj\u0105 dokumenty u p. Ludmi\u0142y Grudniak-Wal (<a href=\"mailto:l.grudniak@uksw.edu.pl\">l.grudniak@uksw.edu.pl<\/a>; ul. Dewajtis 5, 01-815 Warszawa, Stary Gmach, p. 098).<br>\u00a0<br>8. Doktoranci kszta\u0142c\u0105cy si\u0119 w Szkole Doktorskiej UKSW, sk\u0142adaj\u0105 dokumenty u p. Katarzyny Miko\u0142ajczyk (<a href=\"mailto:k.mikolajczyk@uksw.edu.pl\">k.mikolajczyk@uksw.edu.pl<\/a>, ul. Dewajtis 5, 01-815 Warszawa, \u0141\u0105cznik, p. 501).<\/p>\n\n\n\n<p><\/p>\n\n\n\n<figure class=\"wp-block-image size-full is-resized\"><img loading=\"lazy\" decoding=\"async\" src=\"https:\/\/jednostki.uksw.edu.pl\/abm\/wp-content\/uploads\/sites\/56\/2023\/01\/PROM_loga.png\" alt=\"\" class=\"wp-image-21872\" width=\"830\" height=\"138\" srcset=\"https:\/\/abm.uksw.edu.pl\/wp-content\/uploads\/sites\/56\/2023\/01\/PROM_loga.png 600w, https:\/\/abm.uksw.edu.pl\/wp-content\/uploads\/sites\/56\/2023\/01\/PROM_loga-300x50.png 300w\" sizes=\"auto, (max-width: 830px) 100vw, 830px\" \/><\/figure>\n","protected":false},"excerpt":{"rendered":"<p>Stypendium nale\u017cy zrealizowa\u0107 oraz rozliczy\u0107 do dnia 30 wrze\u015bnia 2022 r.\u00a0 Program PROM \u2013 Mi\u0119dzynarodowa wymiana stypendialna doktorant\u00f3w i kadry akademickiej w Uniwersytecie Kardyna\u0142a Stefana Wyszy\u0144skiego w Warszawie. 1. Wsparcie udzielane w ramach Programu obejmuje w szczeg\u00f3lno\u015bci: 2. Uczestnikami Programu b\u0119d\u0105: 3. Rekrutacja dla os\u00f3b wyje\u017cd\u017caj\u0105cych trwa do 31 maja 2022 r, (wykaz dokument\u00f3w, kt\u00f3re [&hellip;]<\/p>\n","protected":false},"author":2,"featured_media":0,"parent":3322,"menu_order":0,"comment_status":"closed","ping_status":"closed","template":"page-templates\/template-sub-page.php","meta":{"_acf_changed":false,"inline_featured_image":false,"footnotes":"","_links_to":"","_links_to_target":""},"class_list":["post-21870","page","type-page","status-publish","hentry"],"acf":[],"_links":{"self":[{"href":"https:\/\/abm.uksw.edu.pl\/pl\/wp-json\/wp\/v2\/pages\/21870","targetHints":{"allow":["GET"]}}],"collection":[{"href":"https:\/\/abm.uksw.edu.pl\/pl\/wp-json\/wp\/v2\/pages"}],"about":[{"href":"https:\/\/abm.uksw.edu.pl\/pl\/wp-json\/wp\/v2\/types\/page"}],"author":[{"embeddable":true,"href":"https:\/\/abm.uksw.edu.pl\/pl\/wp-json\/wp\/v2\/users\/2"}],"replies":[{"embeddable":true,"href":"https:\/\/abm.uksw.edu.pl\/pl\/wp-json\/wp\/v2\/comments?post=21870"}],"version-history":[{"count":9,"href":"https:\/\/abm.uksw.edu.pl\/pl\/wp-json\/wp\/v2\/pages\/21870\/revisions"}],"predecessor-version":[{"id":21889,"href":"https:\/\/abm.uksw.edu.pl\/pl\/wp-json\/wp\/v2\/pages\/21870\/revisions\/21889"}],"up":[{"embeddable":true,"href":"https:\/\/abm.uksw.edu.pl\/pl\/wp-json\/wp\/v2\/pages\/3322"}],"wp:attachment":[{"href":"https:\/\/abm.uksw.edu.pl\/pl\/wp-json\/wp\/v2\/media?parent=21870"}],"curies":[{"name":"wp","href":"https:\/\/api.w.org\/{rel}","templated":true}]}}